{"id":145,"date":"2015-09-14T13:43:45","date_gmt":"2015-09-14T10:43:45","guid":{"rendered":"http:\/\/www.cruzstore.com\/?page_id=145"},"modified":"2020-04-20T16:18:36","modified_gmt":"2020-04-20T13:18:36","slug":"yhteystiedot","status":"publish","type":"page","link":"https:\/\/www.cruzstore.com\/fi\/yhteystiedot\/","title":{"rendered":"Yhteystiedot"},"content":{"rendered":"<div class=\"wpb-content-wrapper\"><p>[vc_row][vc_column width=&#8221;2\/3&#8243;][vc_column_text]<\/p>\n<h3>L\u00e4het\u00e4 meille viesti!<\/h3>\n<p>Palautetta tai kysytt\u00e4v\u00e4\u00e4 tuotteista, kaupasta tai mist\u00e4 vaan? Laita viesti\u00e4 ja me vastaamme sinulle mit\u00e4 pikimmiten![\/vc_column_text]<p class=\"wpcf7-contact-form-not-found\"><strong>Virhe:<\/strong> Yhteydenottolomaketta ei l\u00f6ytynyt.<\/p>[\/vc_column][vc_column width=&#8221;1\/3&#8243;][vc_column_text]<\/p>\n<h3>Yhteystiedot<\/h3>\n<p>info(at)cruzstore.com<\/p>\n<p>Young \u2019n\u2019 Restless Productions<br \/>\nY-tunnus: 2445280-2[\/vc_column_text][\/vc_column][\/vc_row]<\/p>\n<\/div>","protected":false},"excerpt":{"rendered":"<p>[vc_row][vc_column width=&#8221;2\/3&#8243;][vc_column_text] L\u00e4het\u00e4 meille viesti! Palautetta tai kysytt\u00e4v\u00e4\u00e4 tuotteista, kaupasta tai mist\u00e4 vaan? Laita viesti\u00e4 ja me vastaamme sinulle mit\u00e4 pikimmiten![\/vc_column_text][\/vc_column][vc_column width=&#8221;1\/3&#8243;][vc_column_text] Yhteystiedot info(at)cruzstore.com Young \u2019n\u2019 Restless Productions Y-tunnus: 2445280-2[\/vc_column_text][\/vc_column][\/vc_row]<\/p>\n","protected":false},"author":1,"featured_media":0,"parent":0,"menu_order":0,"comment_status":"closed","ping_status":"closed","template":"template-fullwidth.php","meta":{"_monsterinsights_skip_tracking":false,"_monsterinsights_sitenote_active":false,"_monsterinsights_sitenote_note":"","_monsterinsights_sitenote_category":0,"footnotes":""},"class_list":["post-145","page","type-page","status-publish","hentry"],"yoast_head":"<!-- This site is optimized with the Yoast SEO plugin v26.4 - https:\/\/yoast.com\/wordpress\/plugins\/seo\/ -->\n<title>Yhteystiedot - Official Santa Cruz Webstore<\/title>\n<meta name=\"robots\" content=\"index, follow, max-snippet:-1, max-image-preview:large, max-video-preview:-1\" \/>\n<link rel=\"canonical\" href=\"https:\/\/www.cruzstore.com\/fi\/yhteystiedot\/\" \/>\n<meta property=\"og:locale\" content=\"fi_FI\" \/>\n<meta property=\"og:type\" content=\"article\" \/>\n<meta property=\"og:title\" content=\"Yhteystiedot - Official Santa Cruz Webstore\" \/>\n<meta property=\"og:description\" content=\"[vc_row][vc_column width=&#8221;2\/3&#8243;][vc_column_text] L\u00e4het\u00e4 meille viesti! Palautetta tai kysytt\u00e4v\u00e4\u00e4 tuotteista, kaupasta tai mist\u00e4 vaan? Laita viesti\u00e4 ja me vastaamme sinulle mit\u00e4 pikimmiten![\/vc_column_text][\/vc_column][vc_column width=&#8221;1\/3&#8243;][vc_column_text] Yhteystiedot info(at)cruzstore.com Young \u2019n\u2019 Restless Productions Y-tunnus: 2445280-2[\/vc_column_text][\/vc_column][\/vc_row]\" \/>\n<meta property=\"og:url\" content=\"https:\/\/www.cruzstore.com\/fi\/yhteystiedot\/\" \/>\n<meta property=\"og:site_name\" content=\"Official Santa Cruz Webstore\" \/>\n<meta property=\"article:publisher\" content=\"https:\/\/www.facebook.com\/santacruzband\" \/>\n<meta property=\"article:modified_time\" content=\"2020-04-20T13:18:36+00:00\" \/>\n<meta property=\"og:image\" content=\"https:\/\/www.cruzstore.com\/wp-content\/uploads\/2015\/09\/Kauppalogo-pieni11.png\" \/>\n\t<meta property=\"og:image:width\" content=\"600\" \/>\n\t<meta property=\"og:image:height\" content=\"264\" \/>\n\t<meta property=\"og:image:type\" content=\"image\/png\" \/>\n<meta name=\"twitter:card\" content=\"summary_large_image\" \/>\n<script type=\"application\/ld+json\" class=\"yoast-schema-graph\">{\"@context\":\"https:\/\/schema.org\",\"@graph\":[{\"@type\":\"WebPage\",\"@id\":\"https:\/\/www.cruzstore.com\/fi\/yhteystiedot\/\",\"url\":\"https:\/\/www.cruzstore.com\/fi\/yhteystiedot\/\",\"name\":\"Yhteystiedot - Official Santa Cruz Webstore\",\"isPartOf\":{\"@id\":\"https:\/\/www.cruzstore.com\/#website\"},\"datePublished\":\"2015-09-14T10:43:45+00:00\",\"dateModified\":\"2020-04-20T13:18:36+00:00\",\"breadcrumb\":{\"@id\":\"https:\/\/www.cruzstore.com\/fi\/yhteystiedot\/#breadcrumb\"},\"inLanguage\":\"fi\",\"potentialAction\":[{\"@type\":\"ReadAction\",\"target\":[\"https:\/\/www.cruzstore.com\/fi\/yhteystiedot\/\"]}]},{\"@type\":\"BreadcrumbList\",\"@id\":\"https:\/\/www.cruzstore.com\/fi\/yhteystiedot\/#breadcrumb\",\"itemListElement\":[{\"@type\":\"ListItem\",\"position\":1,\"name\":\"Home\",\"item\":\"https:\/\/www.cruzstore.com\/fi\/\"},{\"@type\":\"ListItem\",\"position\":2,\"name\":\"Yhteystiedot\"}]},{\"@type\":\"WebSite\",\"@id\":\"https:\/\/www.cruzstore.com\/#website\",\"url\":\"https:\/\/www.cruzstore.com\/\",\"name\":\"Official Santa Cruz Webstore\",\"description\":\"\",\"publisher\":{\"@id\":\"https:\/\/www.cruzstore.com\/#organization\"},\"potentialAction\":[{\"@type\":\"SearchAction\",\"target\":{\"@type\":\"EntryPoint\",\"urlTemplate\":\"https:\/\/www.cruzstore.com\/?s={search_term_string}\"},\"query-input\":{\"@type\":\"PropertyValueSpecification\",\"valueRequired\":true,\"valueName\":\"search_term_string\"}}],\"inLanguage\":\"fi\"},{\"@type\":\"Organization\",\"@id\":\"https:\/\/www.cruzstore.com\/#organization\",\"name\":\"Official Santa Cruz Webstore\",\"url\":\"https:\/\/www.cruzstore.com\/\",\"logo\":{\"@type\":\"ImageObject\",\"inLanguage\":\"fi\",\"@id\":\"https:\/\/www.cruzstore.com\/#\/schema\/logo\/image\/\",\"url\":\"https:\/\/www.cruzstore.com\/wp-content\/uploads\/2022\/02\/sc_logo.png\",\"contentUrl\":\"https:\/\/www.cruzstore.com\/wp-content\/uploads\/2022\/02\/sc_logo.png\",\"width\":400,\"height\":298,\"caption\":\"Official Santa Cruz Webstore\"},\"image\":{\"@id\":\"https:\/\/www.cruzstore.com\/#\/schema\/logo\/image\/\"},\"sameAs\":[\"https:\/\/www.facebook.com\/santacruzband\"]}]}<\/script>\n<!-- \/ Yoast SEO plugin. -->","yoast_head_json":{"title":"Yhteystiedot - Official Santa Cruz Webstore","robots":{"index":"index","follow":"follow","max-snippet":"max-snippet:-1","max-image-preview":"max-image-preview:large","max-video-preview":"max-video-preview:-1"},"canonical":"https:\/\/www.cruzstore.com\/fi\/yhteystiedot\/","og_locale":"fi_FI","og_type":"article","og_title":"Yhteystiedot - Official Santa Cruz Webstore","og_description":"[vc_row][vc_column width=&#8221;2\/3&#8243;][vc_column_text] L\u00e4het\u00e4 meille viesti! Palautetta tai kysytt\u00e4v\u00e4\u00e4 tuotteista, kaupasta tai mist\u00e4 vaan? Laita viesti\u00e4 ja me vastaamme sinulle mit\u00e4 pikimmiten![\/vc_column_text][\/vc_column][vc_column width=&#8221;1\/3&#8243;][vc_column_text] Yhteystiedot info(at)cruzstore.com Young \u2019n\u2019 Restless Productions Y-tunnus: 2445280-2[\/vc_column_text][\/vc_column][\/vc_row]","og_url":"https:\/\/www.cruzstore.com\/fi\/yhteystiedot\/","og_site_name":"Official Santa Cruz Webstore","article_publisher":"https:\/\/www.facebook.com\/santacruzband","article_modified_time":"2020-04-20T13:18:36+00:00","og_image":[{"width":600,"height":264,"url":"https:\/\/www.cruzstore.com\/wp-content\/uploads\/2015\/09\/Kauppalogo-pieni11.png","type":"image\/png"}],"twitter_card":"summary_large_image","schema":{"@context":"https:\/\/schema.org","@graph":[{"@type":"WebPage","@id":"https:\/\/www.cruzstore.com\/fi\/yhteystiedot\/","url":"https:\/\/www.cruzstore.com\/fi\/yhteystiedot\/","name":"Yhteystiedot - Official Santa Cruz Webstore","isPartOf":{"@id":"https:\/\/www.cruzstore.com\/#website"},"datePublished":"2015-09-14T10:43:45+00:00","dateModified":"2020-04-20T13:18:36+00:00","breadcrumb":{"@id":"https:\/\/www.cruzstore.com\/fi\/yhteystiedot\/#breadcrumb"},"inLanguage":"fi","potentialAction":[{"@type":"ReadAction","target":["https:\/\/www.cruzstore.com\/fi\/yhteystiedot\/"]}]},{"@type":"BreadcrumbList","@id":"https:\/\/www.cruzstore.com\/fi\/yhteystiedot\/#breadcrumb","itemListElement":[{"@type":"ListItem","position":1,"name":"Home","item":"https:\/\/www.cruzstore.com\/fi\/"},{"@type":"ListItem","position":2,"name":"Yhteystiedot"}]},{"@type":"WebSite","@id":"https:\/\/www.cruzstore.com\/#website","url":"https:\/\/www.cruzstore.com\/","name":"Official Santa Cruz Webstore","description":"","publisher":{"@id":"https:\/\/www.cruzstore.com\/#organization"},"potentialAction":[{"@type":"SearchAction","target":{"@type":"EntryPoint","urlTemplate":"https:\/\/www.cruzstore.com\/?s={search_term_string}"},"query-input":{"@type":"PropertyValueSpecification","valueRequired":true,"valueName":"search_term_string"}}],"inLanguage":"fi"},{"@type":"Organization","@id":"https:\/\/www.cruzstore.com\/#organization","name":"Official Santa Cruz Webstore","url":"https:\/\/www.cruzstore.com\/","logo":{"@type":"ImageObject","inLanguage":"fi","@id":"https:\/\/www.cruzstore.com\/#\/schema\/logo\/image\/","url":"https:\/\/www.cruzstore.com\/wp-content\/uploads\/2022\/02\/sc_logo.png","contentUrl":"https:\/\/www.cruzstore.com\/wp-content\/uploads\/2022\/02\/sc_logo.png","width":400,"height":298,"caption":"Official Santa Cruz Webstore"},"image":{"@id":"https:\/\/www.cruzstore.com\/#\/schema\/logo\/image\/"},"sameAs":["https:\/\/www.facebook.com\/santacruzband"]}]}},"_links":{"self":[{"href":"https:\/\/www.cruzstore.com\/fi\/wp-json\/wp\/v2\/pages\/145","targetHints":{"allow":["GET"]}}],"collection":[{"href":"https:\/\/www.cruzstore.com\/fi\/wp-json\/wp\/v2\/pages"}],"about":[{"href":"https:\/\/www.cruzstore.com\/fi\/wp-json\/wp\/v2\/types\/page"}],"author":[{"embeddable":true,"href":"https:\/\/www.cruzstore.com\/fi\/wp-json\/wp\/v2\/users\/1"}],"replies":[{"embeddable":true,"href":"https:\/\/www.cruzstore.com\/fi\/wp-json\/wp\/v2\/comments?post=145"}],"version-history":[{"count":16,"href":"https:\/\/www.cruzstore.com\/fi\/wp-json\/wp\/v2\/pages\/145\/revisions"}],"predecessor-version":[{"id":4585,"href":"https:\/\/www.cruzstore.com\/fi\/wp-json\/wp\/v2\/pages\/145\/revisions\/4585"}],"wp:attachment":[{"href":"https:\/\/www.cruzstore.com\/fi\/wp-json\/wp\/v2\/media?parent=145"}],"curies":[{"name":"wp","href":"https:\/\/api.w.org\/{rel}","templated":true}]}}