{"id":1601,"date":"2016-04-25T21:31:21","date_gmt":"2016-04-25T18:31:21","guid":{"rendered":"http:\/\/www.cruzstore.com\/?page_id=1601&#038;lang=fi"},"modified":"2024-09-01T00:04:51","modified_gmt":"2024-08-31T21:04:51","slug":"etusivu","status":"publish","type":"page","link":"https:\/\/www.cruzstore.com\/fi\/","title":{"rendered":"Etusivu"},"content":{"rendered":"<div class=\"wpb-content-wrapper\"><p>[vc_row][vc_column][vc_single_image image=&#8221;5390&#8243; img_size=&#8221;full&#8221; alignment=&#8221;center&#8221; onclick=&#8221;custom_link&#8221; link=&#8221;https:\/\/www.cruzstore.com\/fi\/tuotteet\/&#8221;][\/vc_column][\/vc_row][vc_row][vc_column][vc_column_text]<\/p>\n<h1 style=\"text-align: center;\">Suosituimmat<\/h1>\n<p>[\/vc_column_text]<div class=\"woocommerce columns-3 \"><ul class=\"products columns-3\">\n<li class=\"product type-product post-5014 status-publish first instock product_cat-t-paidat has-post-thumbnail sale featured taxable shipping-taxable purchasable product-type-variable\">\n\t<a href=\"https:\/\/www.cruzstore.com\/fi\/products\/santa-cruz-tour-shirt-la-ny-2022\/\" class=\"woocommerce-LoopProduct-link woocommerce-loop-product__link\"><img loading=\"lazy\" decoding=\"async\" width=\"324\" height=\"324\" src=\"https:\/\/www.cruzstore.com\/wp-content\/uploads\/2022\/09\/IMG_2507-324x324.jpg\" class=\"attachment-woocommerce_thumbnail size-woocommerce_thumbnail\" alt=\"Santa Cruz kiertuepaita LA &amp; NY 2022\" srcset=\"https:\/\/www.cruzstore.com\/wp-content\/uploads\/2022\/09\/IMG_2507-324x324.jpg 324w, https:\/\/www.cruzstore.com\/wp-content\/uploads\/2022\/09\/IMG_2507-150x150.jpg 150w, https:\/\/www.cruzstore.com\/wp-content\/uploads\/2022\/09\/IMG_2507-100x100.jpg 100w\" sizes=\"auto, (max-width: 324px) 100vw, 324px\" \/><h2 class=\"woocommerce-loop-product__title\">Santa Cruz kiertuepaita LA &#038; NY 2022<\/h2>\n\t<span class=\"onsale\">Ale!<\/span>\n\t\n\t<span class=\"price\"><del aria-hidden=\"true\"><span class=\"woocommerce-Price-amount amount\"><bdi>30.00&nbsp;<span class=\"woocommerce-Price-currencySymbol\">&euro;<\/span><\/bdi><\/span><\/del> <span class=\"screen-reader-text\">Alkuper\u00e4inen hinta oli: 30.00&nbsp;&euro;.<\/span><ins aria-hidden=\"true\"><span class=\"woocommerce-Price-amount amount\"><bdi>15.00&nbsp;<span class=\"woocommerce-Price-currencySymbol\">&euro;<\/span><\/bdi><\/span><\/ins><span class=\"screen-reader-text\">Nykyinen hinta on: 15.00&nbsp;&euro;.<\/span><\/span>\n<\/a><a href=\"https:\/\/www.cruzstore.com\/fi\/products\/santa-cruz-tour-shirt-la-ny-2022\/\" aria-describedby=\"woocommerce_loop_add_to_cart_link_describedby_5014\" data-quantity=\"1\" class=\"button product_type_variable add_to_cart_button\" data-product_id=\"5014\" data-product_sku=\"SC-tour-tshirt-2022\" aria-label=\"Valitse valinnat &ldquo;Santa Cruz kiertuepaita LA &amp; NY 2022&rdquo;\" rel=\"nofollow\">Valitse vaihtoehto<\/a>\t<span id=\"woocommerce_loop_add_to_cart_link_describedby_5014\" class=\"screen-reader-text\">\n\t\tT\u00e4ll\u00e4 tuotteella on useampi muunnelma. Voit tehd\u00e4 valinnat tuotteen sivulla.\t<\/span>\n<\/li>\n<li class=\"product type-product post-4955 status-publish instock product_cat-levyt product_cat-vinyylit has-post-thumbnail featured taxable shipping-taxable purchasable product-type-simple\">\n\t<a href=\"https:\/\/www.cruzstore.com\/fi\/products\/the-return-of-the-kings-lp-signeerattu\/\" class=\"woocommerce-LoopProduct-link woocommerce-loop-product__link\"><img loading=\"lazy\" decoding=\"async\" width=\"324\" height=\"324\" src=\"https:\/\/www.cruzstore.com\/wp-content\/uploads\/2022\/07\/SC-COVER-2022-324x324.jpg\" class=\"attachment-woocommerce_thumbnail size-woocommerce_thumbnail\" alt=\"The Return of the Kings LP (signeerattu)\" srcset=\"https:\/\/www.cruzstore.com\/wp-content\/uploads\/2022\/07\/SC-COVER-2022-324x324.jpg 324w, https:\/\/www.cruzstore.com\/wp-content\/uploads\/2022\/07\/SC-COVER-2022-300x300.jpg 300w, https:\/\/www.cruzstore.com\/wp-content\/uploads\/2022\/07\/SC-COVER-2022-1024x1024.jpg 1024w, https:\/\/www.cruzstore.com\/wp-content\/uploads\/2022\/07\/SC-COVER-2022-150x150.jpg 150w, https:\/\/www.cruzstore.com\/wp-content\/uploads\/2022\/07\/SC-COVER-2022-768x768.jpg 768w, https:\/\/www.cruzstore.com\/wp-content\/uploads\/2022\/07\/SC-COVER-2022-416x416.jpg 416w, https:\/\/www.cruzstore.com\/wp-content\/uploads\/2022\/07\/SC-COVER-2022-100x100.jpg 100w, https:\/\/www.cruzstore.com\/wp-content\/uploads\/2022\/07\/SC-COVER-2022.jpg 1200w\" sizes=\"auto, (max-width: 324px) 100vw, 324px\" \/><h2 class=\"woocommerce-loop-product__title\">The Return of the Kings LP (signeerattu)<\/h2>\n\t<span class=\"price\"><span class=\"woocommerce-Price-amount amount\"><bdi>50.00&nbsp;<span class=\"woocommerce-Price-currencySymbol\">&euro;<\/span><\/bdi><\/span><\/span>\n<\/a><a href=\"\/fi\/wp-json\/wp\/v2\/pages\/1601?add-to-cart=4955\" aria-describedby=\"woocommerce_loop_add_to_cart_link_describedby_4955\" data-quantity=\"1\" class=\"button product_type_simple add_to_cart_button ajax_add_to_cart\" data-product_id=\"4955\" data-product_sku=\"thereturnofthekings_vinyl-signed\" aria-label=\"Lis\u00e4\u00e4 ostoskoriin: &ldquo;The Return of the Kings LP (signeerattu)&rdquo;\" rel=\"nofollow\" data-success_message=\"&ldquo;The Return of the Kings LP (signeerattu)&rdquo; on lis\u00e4tty ostoskoriin\" role=\"button\">Lis\u00e4\u00e4 ostoskoriin<\/a>\t<span id=\"woocommerce_loop_add_to_cart_link_describedby_4955\" class=\"screen-reader-text\">\n\t\t\t<\/span>\n<\/li>\n<li class=\"product type-product post-4953 status-publish last instock product_cat-cd-levyt product_cat-levyt has-post-thumbnail featured taxable shipping-taxable purchasable product-type-simple\">\n\t<a href=\"https:\/\/www.cruzstore.com\/fi\/products\/the-return-of-the-kings-cd-signeerattu\/\" class=\"woocommerce-LoopProduct-link woocommerce-loop-product__link\"><img loading=\"lazy\" decoding=\"async\" width=\"324\" height=\"324\" src=\"https:\/\/www.cruzstore.com\/wp-content\/uploads\/2022\/07\/SC-COVER-2022-324x324.jpg\" class=\"attachment-woocommerce_thumbnail size-woocommerce_thumbnail\" alt=\"The Return of the Kings CD (signeerattu)\" srcset=\"https:\/\/www.cruzstore.com\/wp-content\/uploads\/2022\/07\/SC-COVER-2022-324x324.jpg 324w, https:\/\/www.cruzstore.com\/wp-content\/uploads\/2022\/07\/SC-COVER-2022-300x300.jpg 300w, https:\/\/www.cruzstore.com\/wp-content\/uploads\/2022\/07\/SC-COVER-2022-1024x1024.jpg 1024w, https:\/\/www.cruzstore.com\/wp-content\/uploads\/2022\/07\/SC-COVER-2022-150x150.jpg 150w, https:\/\/www.cruzstore.com\/wp-content\/uploads\/2022\/07\/SC-COVER-2022-768x768.jpg 768w, https:\/\/www.cruzstore.com\/wp-content\/uploads\/2022\/07\/SC-COVER-2022-416x416.jpg 416w, https:\/\/www.cruzstore.com\/wp-content\/uploads\/2022\/07\/SC-COVER-2022-100x100.jpg 100w, https:\/\/www.cruzstore.com\/wp-content\/uploads\/2022\/07\/SC-COVER-2022.jpg 1200w\" sizes=\"auto, (max-width: 324px) 100vw, 324px\" \/><h2 class=\"woocommerce-loop-product__title\">The Return of the Kings CD (signeerattu)<\/h2>\n\t<span class=\"price\"><span class=\"woocommerce-Price-amount amount\"><bdi>30.00&nbsp;<span class=\"woocommerce-Price-currencySymbol\">&euro;<\/span><\/bdi><\/span><\/span>\n<\/a><a href=\"\/fi\/wp-json\/wp\/v2\/pages\/1601?add-to-cart=4953\" aria-describedby=\"woocommerce_loop_add_to_cart_link_describedby_4953\" data-quantity=\"1\" class=\"button product_type_simple add_to_cart_button ajax_add_to_cart\" data-product_id=\"4953\" data-product_sku=\"thereturnofthekings_CD-signed\" aria-label=\"Lis\u00e4\u00e4 ostoskoriin: &ldquo;The Return of the Kings CD (signeerattu)&rdquo;\" rel=\"nofollow\" data-success_message=\"&ldquo;The Return of the Kings CD (signeerattu)&rdquo; on lis\u00e4tty ostoskoriin\" role=\"button\">Lis\u00e4\u00e4 ostoskoriin<\/a>\t<span id=\"woocommerce_loop_add_to_cart_link_describedby_4953\" class=\"screen-reader-text\">\n\t\t\t<\/span>\n<\/li>\n<li class=\"product type-product post-4943 status-publish first instock product_cat-levyt product_cat-vinyylit has-post-thumbnail featured taxable shipping-taxable purchasable product-type-simple\">\n\t<a href=\"https:\/\/www.cruzstore.com\/fi\/products\/the-return-of-the-kings-lp\/\" class=\"woocommerce-LoopProduct-link woocommerce-loop-product__link\"><img loading=\"lazy\" decoding=\"async\" width=\"324\" height=\"324\" src=\"https:\/\/www.cruzstore.com\/wp-content\/uploads\/2022\/07\/SC-COVER-2022-324x324.jpg\" class=\"attachment-woocommerce_thumbnail size-woocommerce_thumbnail\" alt=\"The Return of the Kings LP\" srcset=\"https:\/\/www.cruzstore.com\/wp-content\/uploads\/2022\/07\/SC-COVER-2022-324x324.jpg 324w, https:\/\/www.cruzstore.com\/wp-content\/uploads\/2022\/07\/SC-COVER-2022-300x300.jpg 300w, https:\/\/www.cruzstore.com\/wp-content\/uploads\/2022\/07\/SC-COVER-2022-1024x1024.jpg 1024w, https:\/\/www.cruzstore.com\/wp-content\/uploads\/2022\/07\/SC-COVER-2022-150x150.jpg 150w, https:\/\/www.cruzstore.com\/wp-content\/uploads\/2022\/07\/SC-COVER-2022-768x768.jpg 768w, https:\/\/www.cruzstore.com\/wp-content\/uploads\/2022\/07\/SC-COVER-2022-416x416.jpg 416w, https:\/\/www.cruzstore.com\/wp-content\/uploads\/2022\/07\/SC-COVER-2022-100x100.jpg 100w, https:\/\/www.cruzstore.com\/wp-content\/uploads\/2022\/07\/SC-COVER-2022.jpg 1200w\" sizes=\"auto, (max-width: 324px) 100vw, 324px\" \/><h2 class=\"woocommerce-loop-product__title\">The Return of the Kings LP<\/h2>\n\t<span class=\"price\"><span class=\"woocommerce-Price-amount amount\"><bdi>29.90&nbsp;<span class=\"woocommerce-Price-currencySymbol\">&euro;<\/span><\/bdi><\/span><\/span>\n<\/a><a href=\"\/fi\/wp-json\/wp\/v2\/pages\/1601?add-to-cart=4943\" aria-describedby=\"woocommerce_loop_add_to_cart_link_describedby_4943\" data-quantity=\"1\" class=\"button product_type_simple add_to_cart_button ajax_add_to_cart\" data-product_id=\"4943\" data-product_sku=\"thereturnofthekings_vinyl\" aria-label=\"Lis\u00e4\u00e4 ostoskoriin: &ldquo;The Return of the Kings LP&rdquo;\" rel=\"nofollow\" data-success_message=\"&ldquo;The Return of the Kings LP&rdquo; on lis\u00e4tty ostoskoriin\" role=\"button\">Lis\u00e4\u00e4 ostoskoriin<\/a>\t<span id=\"woocommerce_loop_add_to_cart_link_describedby_4943\" class=\"screen-reader-text\">\n\t\t\t<\/span>\n<\/li>\n<li class=\"product type-product post-4939 status-publish instock product_cat-cd-levyt product_cat-levyt has-post-thumbnail featured taxable shipping-taxable purchasable product-type-simple\">\n\t<a href=\"https:\/\/www.cruzstore.com\/fi\/products\/the-return-of-the-kings-cd\/\" class=\"woocommerce-LoopProduct-link woocommerce-loop-product__link\"><img loading=\"lazy\" decoding=\"async\" width=\"324\" height=\"324\" src=\"https:\/\/www.cruzstore.com\/wp-content\/uploads\/2022\/07\/SC-COVER-2022-324x324.jpg\" class=\"attachment-woocommerce_thumbnail size-woocommerce_thumbnail\" alt=\"The Return of the Kings CD\" srcset=\"https:\/\/www.cruzstore.com\/wp-content\/uploads\/2022\/07\/SC-COVER-2022-324x324.jpg 324w, https:\/\/www.cruzstore.com\/wp-content\/uploads\/2022\/07\/SC-COVER-2022-300x300.jpg 300w, https:\/\/www.cruzstore.com\/wp-content\/uploads\/2022\/07\/SC-COVER-2022-1024x1024.jpg 1024w, https:\/\/www.cruzstore.com\/wp-content\/uploads\/2022\/07\/SC-COVER-2022-150x150.jpg 150w, https:\/\/www.cruzstore.com\/wp-content\/uploads\/2022\/07\/SC-COVER-2022-768x768.jpg 768w, https:\/\/www.cruzstore.com\/wp-content\/uploads\/2022\/07\/SC-COVER-2022-416x416.jpg 416w, https:\/\/www.cruzstore.com\/wp-content\/uploads\/2022\/07\/SC-COVER-2022-100x100.jpg 100w, https:\/\/www.cruzstore.com\/wp-content\/uploads\/2022\/07\/SC-COVER-2022.jpg 1200w\" sizes=\"auto, (max-width: 324px) 100vw, 324px\" \/><h2 class=\"woocommerce-loop-product__title\">The Return of the Kings CD<\/h2>\n\t<span class=\"price\"><span class=\"woocommerce-Price-amount amount\"><bdi>15.99&nbsp;<span class=\"woocommerce-Price-currencySymbol\">&euro;<\/span><\/bdi><\/span><\/span>\n<\/a><a href=\"\/fi\/wp-json\/wp\/v2\/pages\/1601?add-to-cart=4939\" aria-describedby=\"woocommerce_loop_add_to_cart_link_describedby_4939\" data-quantity=\"1\" class=\"button product_type_simple add_to_cart_button ajax_add_to_cart\" data-product_id=\"4939\" data-product_sku=\"thereturnofthekings_CD\" aria-label=\"Lis\u00e4\u00e4 ostoskoriin: &ldquo;The Return of the Kings CD&rdquo;\" rel=\"nofollow\" data-success_message=\"&ldquo;The Return of the Kings CD&rdquo; on lis\u00e4tty ostoskoriin\" role=\"button\">Lis\u00e4\u00e4 ostoskoriin<\/a>\t<span id=\"woocommerce_loop_add_to_cart_link_describedby_4939\" class=\"screen-reader-text\">\n\t\t\t<\/span>\n<\/li>\n<\/ul>\n<\/div>[\/vc_column][\/vc_row]<\/p>\n<\/div>","protected":false},"excerpt":{"rendered":"<p>[vc_row][vc_column][vc_single_image image=&#8221;5390&#8243; img_size=&#8221;full&#8221; alignment=&#8221;center&#8221; onclick=&#8221;custom_link&#8221; link=&#8221;https:\/\/www.cruzstore.com\/fi\/tuotteet\/&#8221;][\/vc_column][\/vc_row][vc_row][vc_column][vc_column_text] Suosituimmat [\/vc_column_text][\/vc_column][\/vc_row]<\/p>\n","protected":false},"author":1,"featured_media":0,"parent":0,"menu_order":0,"comment_status":"closed","ping_status":"closed","template":"template-fullwidth.php","meta":{"_monsterinsights_skip_tracking":false,"_monsterinsights_sitenote_active":false,"_monsterinsights_sitenote_note":"","_monsterinsights_sitenote_category":0,"footnotes":""},"class_list":["post-1601","page","type-page","status-publish","hentry"],"yoast_head":"<!-- This site is optimized with the Yoast SEO plugin v26.4 - https:\/\/yoast.com\/wordpress\/plugins\/seo\/ -->\n<title>Etusivu - Official Santa Cruz Webstore<\/title>\n<meta name=\"robots\" content=\"index, follow, max-snippet:-1, max-image-preview:large, max-video-preview:-1\" \/>\n<link rel=\"canonical\" href=\"https:\/\/www.cruzstore.com\/fi\/\" \/>\n<meta property=\"og:locale\" content=\"fi_FI\" \/>\n<meta property=\"og:type\" content=\"article\" \/>\n<meta property=\"og:title\" content=\"Etusivu - Official Santa Cruz Webstore\" \/>\n<meta property=\"og:description\" content=\"[vc_row][vc_column][vc_single_image image=&#8221;5390&#8243; img_size=&#8221;full&#8221; alignment=&#8221;center&#8221; onclick=&#8221;custom_link&#8221; link=&#8221;https:\/\/www.cruzstore.com\/fi\/tuotteet\/&#8221;][\/vc_column][\/vc_row][vc_row][vc_column][vc_column_text] Suosituimmat [\/vc_column_text][\/vc_column][\/vc_row]\" \/>\n<meta property=\"og:url\" content=\"https:\/\/www.cruzstore.com\/fi\/\" \/>\n<meta property=\"og:site_name\" content=\"Official Santa Cruz Webstore\" \/>\n<meta property=\"article:publisher\" content=\"https:\/\/www.facebook.com\/santacruzband\" \/>\n<meta property=\"article:modified_time\" content=\"2024-08-31T21:04:51+00:00\" \/>\n<meta property=\"og:image\" content=\"https:\/\/www.cruzstore.com\/wp-content\/uploads\/2015\/09\/Kauppalogo-pieni11.png\" \/>\n\t<meta property=\"og:image:width\" content=\"600\" \/>\n\t<meta property=\"og:image:height\" content=\"264\" \/>\n\t<meta property=\"og:image:type\" content=\"image\/png\" \/>\n<meta name=\"twitter:card\" content=\"summary_large_image\" \/>\n<meta name=\"twitter:label1\" content=\"Arvioitu lukuaika\" \/>\n\t<meta name=\"twitter:data1\" content=\"1 minuutti\" \/>\n<script type=\"application\/ld+json\" class=\"yoast-schema-graph\">{\"@context\":\"https:\/\/schema.org\",\"@graph\":[{\"@type\":\"WebPage\",\"@id\":\"https:\/\/www.cruzstore.com\/fi\/\",\"url\":\"https:\/\/www.cruzstore.com\/fi\/\",\"name\":\"Etusivu - Official Santa Cruz Webstore\",\"isPartOf\":{\"@id\":\"https:\/\/www.cruzstore.com\/#website\"},\"datePublished\":\"2016-04-25T18:31:21+00:00\",\"dateModified\":\"2024-08-31T21:04:51+00:00\",\"breadcrumb\":{\"@id\":\"https:\/\/www.cruzstore.com\/fi\/#breadcrumb\"},\"inLanguage\":\"fi\",\"potentialAction\":[{\"@type\":\"ReadAction\",\"target\":[\"https:\/\/www.cruzstore.com\/fi\/\"]}]},{\"@type\":\"BreadcrumbList\",\"@id\":\"https:\/\/www.cruzstore.com\/fi\/#breadcrumb\",\"itemListElement\":[{\"@type\":\"ListItem\",\"position\":1,\"name\":\"Home\",\"item\":\"https:\/\/www.cruzstore.com\/fi\/\"},{\"@type\":\"ListItem\",\"position\":2,\"name\":\"Etusivu\"}]},{\"@type\":\"WebSite\",\"@id\":\"https:\/\/www.cruzstore.com\/#website\",\"url\":\"https:\/\/www.cruzstore.com\/\",\"name\":\"Official Santa Cruz Webstore\",\"description\":\"\",\"publisher\":{\"@id\":\"https:\/\/www.cruzstore.com\/#organization\"},\"potentialAction\":[{\"@type\":\"SearchAction\",\"target\":{\"@type\":\"EntryPoint\",\"urlTemplate\":\"https:\/\/www.cruzstore.com\/?s={search_term_string}\"},\"query-input\":{\"@type\":\"PropertyValueSpecification\",\"valueRequired\":true,\"valueName\":\"search_term_string\"}}],\"inLanguage\":\"fi\"},{\"@type\":\"Organization\",\"@id\":\"https:\/\/www.cruzstore.com\/#organization\",\"name\":\"Official Santa Cruz Webstore\",\"url\":\"https:\/\/www.cruzstore.com\/\",\"logo\":{\"@type\":\"ImageObject\",\"inLanguage\":\"fi\",\"@id\":\"https:\/\/www.cruzstore.com\/#\/schema\/logo\/image\/\",\"url\":\"https:\/\/www.cruzstore.com\/wp-content\/uploads\/2022\/02\/sc_logo.png\",\"contentUrl\":\"https:\/\/www.cruzstore.com\/wp-content\/uploads\/2022\/02\/sc_logo.png\",\"width\":400,\"height\":298,\"caption\":\"Official Santa Cruz Webstore\"},\"image\":{\"@id\":\"https:\/\/www.cruzstore.com\/#\/schema\/logo\/image\/\"},\"sameAs\":[\"https:\/\/www.facebook.com\/santacruzband\"]}]}<\/script>\n<!-- \/ Yoast SEO plugin. -->","yoast_head_json":{"title":"Etusivu - Official Santa Cruz Webstore","robots":{"index":"index","follow":"follow","max-snippet":"max-snippet:-1","max-image-preview":"max-image-preview:large","max-video-preview":"max-video-preview:-1"},"canonical":"https:\/\/www.cruzstore.com\/fi\/","og_locale":"fi_FI","og_type":"article","og_title":"Etusivu - Official Santa Cruz Webstore","og_description":"[vc_row][vc_column][vc_single_image image=&#8221;5390&#8243; img_size=&#8221;full&#8221; alignment=&#8221;center&#8221; onclick=&#8221;custom_link&#8221; link=&#8221;https:\/\/www.cruzstore.com\/fi\/tuotteet\/&#8221;][\/vc_column][\/vc_row][vc_row][vc_column][vc_column_text] Suosituimmat [\/vc_column_text][\/vc_column][\/vc_row]","og_url":"https:\/\/www.cruzstore.com\/fi\/","og_site_name":"Official Santa Cruz Webstore","article_publisher":"https:\/\/www.facebook.com\/santacruzband","article_modified_time":"2024-08-31T21:04:51+00:00","og_image":[{"width":600,"height":264,"url":"https:\/\/www.cruzstore.com\/wp-content\/uploads\/2015\/09\/Kauppalogo-pieni11.png","type":"image\/png"}],"twitter_card":"summary_large_image","twitter_misc":{"Arvioitu lukuaika":"1 minuutti"},"schema":{"@context":"https:\/\/schema.org","@graph":[{"@type":"WebPage","@id":"https:\/\/www.cruzstore.com\/fi\/","url":"https:\/\/www.cruzstore.com\/fi\/","name":"Etusivu - Official Santa Cruz Webstore","isPartOf":{"@id":"https:\/\/www.cruzstore.com\/#website"},"datePublished":"2016-04-25T18:31:21+00:00","dateModified":"2024-08-31T21:04:51+00:00","breadcrumb":{"@id":"https:\/\/www.cruzstore.com\/fi\/#breadcrumb"},"inLanguage":"fi","potentialAction":[{"@type":"ReadAction","target":["https:\/\/www.cruzstore.com\/fi\/"]}]},{"@type":"BreadcrumbList","@id":"https:\/\/www.cruzstore.com\/fi\/#breadcrumb","itemListElement":[{"@type":"ListItem","position":1,"name":"Home","item":"https:\/\/www.cruzstore.com\/fi\/"},{"@type":"ListItem","position":2,"name":"Etusivu"}]},{"@type":"WebSite","@id":"https:\/\/www.cruzstore.com\/#website","url":"https:\/\/www.cruzstore.com\/","name":"Official Santa Cruz Webstore","description":"","publisher":{"@id":"https:\/\/www.cruzstore.com\/#organization"},"potentialAction":[{"@type":"SearchAction","target":{"@type":"EntryPoint","urlTemplate":"https:\/\/www.cruzstore.com\/?s={search_term_string}"},"query-input":{"@type":"PropertyValueSpecification","valueRequired":true,"valueName":"search_term_string"}}],"inLanguage":"fi"},{"@type":"Organization","@id":"https:\/\/www.cruzstore.com\/#organization","name":"Official Santa Cruz Webstore","url":"https:\/\/www.cruzstore.com\/","logo":{"@type":"ImageObject","inLanguage":"fi","@id":"https:\/\/www.cruzstore.com\/#\/schema\/logo\/image\/","url":"https:\/\/www.cruzstore.com\/wp-content\/uploads\/2022\/02\/sc_logo.png","contentUrl":"https:\/\/www.cruzstore.com\/wp-content\/uploads\/2022\/02\/sc_logo.png","width":400,"height":298,"caption":"Official Santa Cruz Webstore"},"image":{"@id":"https:\/\/www.cruzstore.com\/#\/schema\/logo\/image\/"},"sameAs":["https:\/\/www.facebook.com\/santacruzband"]}]}},"_links":{"self":[{"href":"https:\/\/www.cruzstore.com\/fi\/wp-json\/wp\/v2\/pages\/1601","targetHints":{"allow":["GET"]}}],"collection":[{"href":"https:\/\/www.cruzstore.com\/fi\/wp-json\/wp\/v2\/pages"}],"about":[{"href":"https:\/\/www.cruzstore.com\/fi\/wp-json\/wp\/v2\/types\/page"}],"author":[{"embeddable":true,"href":"https:\/\/www.cruzstore.com\/fi\/wp-json\/wp\/v2\/users\/1"}],"replies":[{"embeddable":true,"href":"https:\/\/www.cruzstore.com\/fi\/wp-json\/wp\/v2\/comments?post=1601"}],"version-history":[{"count":21,"href":"https:\/\/www.cruzstore.com\/fi\/wp-json\/wp\/v2\/pages\/1601\/revisions"}],"predecessor-version":[{"id":5393,"href":"https:\/\/www.cruzstore.com\/fi\/wp-json\/wp\/v2\/pages\/1601\/revisions\/5393"}],"wp:attachment":[{"href":"https:\/\/www.cruzstore.com\/fi\/wp-json\/wp\/v2\/media?parent=1601"}],"curies":[{"name":"wp","href":"https:\/\/api.w.org\/{rel}","templated":true}]}}