{"id":42,"date":"2015-09-04T14:47:10","date_gmt":"2015-09-04T11:47:10","guid":{"rendered":"http:\/\/www.cruzstore.com\/?page_id=42"},"modified":"2019-04-23T09:02:10","modified_gmt":"2019-04-23T06:02:10","slug":"ukk","status":"publish","type":"page","link":"https:\/\/www.cruzstore.com\/fi\/ukk\/","title":{"rendered":"UKK"},"content":{"rendered":"<h3>Tuotteiden pesuohjeet<\/h3>\n<p><span style=\"color: #ff0000;\"><strong>Tuotteiden hoito- ja pesuohjeet<\/strong><\/span><\/p>\n<p><img loading=\"lazy\" decoding=\"async\" class=\"alignnone wp-image-453\" src=\"http:\/\/www.cruzstore.com\/wp-content\/uploads\/2015\/09\/pesuohjeet.jpg\" alt=\"pesuohjeet\" width=\"600\" height=\"192\" srcset=\"https:\/\/www.cruzstore.com\/wp-content\/uploads\/2015\/09\/pesuohjeet.jpg 1000w, https:\/\/www.cruzstore.com\/wp-content\/uploads\/2015\/09\/pesuohjeet-300x96.jpg 300w\" sizes=\"auto, (max-width: 600px) 100vw, 600px\" \/><\/p>\n<ul>\n<li>Pese painetut tuotteet (printtikuviolliset) korkeintaan 40-asteessa.<\/li>\n<li>Kaikki Cruzstoren T-paidat ovat esikutistettuja, eli ne eiv\u00e4t pienene pesussa huomattavasti<\/li>\n<li>Emme suosittele tummien ja v\u00e4rikk\u00e4iden vaatteiden pesemist\u00e4 yhdess\u00e4<\/li>\n<li>Noudata aina tuotteet tuotteen pesulapussa olevia pesuohjeita<\/li>\n<\/ul>\n<hr \/>\n<h3>Onko Cruzstoren tuotteilla minimitilausrajaa?<\/h3>\n<p>Tilauksilla ei ole minimitilausrajaa, joten voit halutessasi tilata vaikka vain yhden tuotteen.<\/p>\n<hr \/>\n<h3>Ovatko henkil\u00f6tietoni turvassa?<\/h3>\n<p>K\u00e4yt\u00e4mme (SSL (Secure Socket Layer)) salausohjelmaa, joka salaa kaiken internetin kautta l\u00e4hetett\u00e4v\u00e4n henkil\u00f6kohtaisen tiedon (nimi, osoite, luottokortin numero jne.) k\u00e4ytt\u00e4m\u00e4ll\u00e4 yksil\u00f6llist\u00e4 ja turvallista salausavainta. Tietojen suojaus saavutetaan SSL protokollan avulla jolloin kolmansilla osapuolilla ei ole mahdollisuutta p\u00e4\u00e4st\u00e4 k\u00e4siksi l\u00e4hetettyihin tietoihin.<\/p>\n<hr \/>\n<h3>Kuinka voin muuttaa toimitusosoitteen?<\/h3>\n<p>Voit muuttaa toimitusosoitteesi &#8221;Oma tili&#8221; -osiossa, johon p\u00e4\u00e4set ollessasi kirjautuneena asiakastilillesi. Voit muuttaa toimitusosoitteesi my\u00f6s tilauksen tekemisen yhteydess\u00e4 siirtyess\u00e4si l\u00e4hett\u00e4m\u00e4\u00e4n tilausta.<\/p>\n<p>Huomioithan, ett\u00e4 toimitusosoitetta ei voi muuttaa en\u00e4\u00e4 tilauksen tekemisen j\u00e4lkeen.<\/p>\n<hr \/>\n<h3>Maksaminen, toimitus ja palautus<\/h3>\n<p>Katso tarkemmin <a href=\"https:\/\/www.cruzstore.com\/fi\/toimitusehdot\/?lang=fi\">t\u00e4\u00e4lt\u00e4<\/a>.<\/p>\n<p><em><strong>Kysytt\u00e4v\u00e4\u00e4?<\/strong><\/em><\/p>\n<p>Ota yhteytt\u00e4 asiakaspalveluumme osoitteessa: info(at)cruzstore.com<\/p>\n<p>Vastaamme mielell\u00e4mme kaikkiin mielt\u00e4si askarruttaviin kysymyksiin.<\/p>\n<p>&nbsp;<\/p>\n","protected":false},"excerpt":{"rendered":"<p>Tuotteiden pesuohjeet Tuotteiden hoito- ja pesuohjeet Pese painetut tuotteet (printtikuviolliset) korkeintaan 40-asteessa. Kaikki Cruzstoren T-paidat ovat esikutistettuja, eli ne eiv\u00e4t pienene pesussa huomattavasti Emme suosittele tummien ja v\u00e4rikk\u00e4iden vaatteiden pesemist\u00e4 yhdess\u00e4 Noudata aina tuotteet tuotteen pesulapussa olevia pesuohjeita Onko Cruzstoren tuotteilla minimitilausrajaa? Tilauksilla ei ole minimitilausrajaa, joten voit halutessasi tilata vaikka vain yhden tuotteen. Ovatko [&hellip;]<\/p>\n","protected":false},"author":1,"featured_media":0,"parent":0,"menu_order":0,"comment_status":"closed","ping_status":"closed","template":"template-fullwidth.php","meta":{"_monsterinsights_skip_tracking":false,"_monsterinsights_sitenote_active":false,"_monsterinsights_sitenote_note":"","_monsterinsights_sitenote_category":0,"footnotes":""},"class_list":["post-42","page","type-page","status-publish","hentry"],"yoast_head":"<!-- This site is optimized with the Yoast SEO plugin v26.4 - https:\/\/yoast.com\/wordpress\/plugins\/seo\/ -->\n<title>UKK - Official Santa Cruz Webstore<\/title>\n<meta name=\"robots\" content=\"index, follow, max-snippet:-1, max-image-preview:large, max-video-preview:-1\" \/>\n<link rel=\"canonical\" href=\"https:\/\/www.cruzstore.com\/fi\/ukk\/\" \/>\n<meta property=\"og:locale\" content=\"fi_FI\" \/>\n<meta property=\"og:type\" content=\"article\" \/>\n<meta property=\"og:title\" content=\"UKK - Official Santa Cruz Webstore\" \/>\n<meta property=\"og:description\" content=\"Tuotteiden pesuohjeet Tuotteiden hoito- ja pesuohjeet Pese painetut tuotteet (printtikuviolliset) korkeintaan 40-asteessa. Kaikki Cruzstoren T-paidat ovat esikutistettuja, eli ne eiv\u00e4t pienene pesussa huomattavasti Emme suosittele tummien ja v\u00e4rikk\u00e4iden vaatteiden pesemist\u00e4 yhdess\u00e4 Noudata aina tuotteet tuotteen pesulapussa olevia pesuohjeita Onko Cruzstoren tuotteilla minimitilausrajaa? Tilauksilla ei ole minimitilausrajaa, joten voit halutessasi tilata vaikka vain yhden tuotteen. Ovatko [&hellip;]\" \/>\n<meta property=\"og:url\" content=\"https:\/\/www.cruzstore.com\/fi\/ukk\/\" \/>\n<meta property=\"og:site_name\" content=\"Official Santa Cruz Webstore\" \/>\n<meta property=\"article:publisher\" content=\"https:\/\/www.facebook.com\/santacruzband\" \/>\n<meta property=\"article:modified_time\" content=\"2019-04-23T06:02:10+00:00\" \/>\n<meta property=\"og:image\" content=\"https:\/\/www.cruzstore.com\/wp-content\/uploads\/2015\/09\/pesuohjeet.jpg\" \/>\n\t<meta property=\"og:image:width\" content=\"1000\" \/>\n\t<meta property=\"og:image:height\" content=\"320\" \/>\n\t<meta property=\"og:image:type\" content=\"image\/jpeg\" \/>\n<meta name=\"twitter:card\" content=\"summary_large_image\" \/>\n<meta name=\"twitter:label1\" content=\"Arvioitu lukuaika\" \/>\n\t<meta name=\"twitter:data1\" content=\"1 minuutti\" \/>\n<script type=\"application\/ld+json\" class=\"yoast-schema-graph\">{\"@context\":\"https:\/\/schema.org\",\"@graph\":[{\"@type\":\"WebPage\",\"@id\":\"https:\/\/www.cruzstore.com\/fi\/ukk\/\",\"url\":\"https:\/\/www.cruzstore.com\/fi\/ukk\/\",\"name\":\"UKK - Official Santa Cruz Webstore\",\"isPartOf\":{\"@id\":\"https:\/\/www.cruzstore.com\/#website\"},\"primaryImageOfPage\":{\"@id\":\"https:\/\/www.cruzstore.com\/fi\/ukk\/#primaryimage\"},\"image\":{\"@id\":\"https:\/\/www.cruzstore.com\/fi\/ukk\/#primaryimage\"},\"thumbnailUrl\":\"http:\/\/www.cruzstore.com\/wp-content\/uploads\/2015\/09\/pesuohjeet.jpg\",\"datePublished\":\"2015-09-04T11:47:10+00:00\",\"dateModified\":\"2019-04-23T06:02:10+00:00\",\"breadcrumb\":{\"@id\":\"https:\/\/www.cruzstore.com\/fi\/ukk\/#breadcrumb\"},\"inLanguage\":\"fi\",\"potentialAction\":[{\"@type\":\"ReadAction\",\"target\":[\"https:\/\/www.cruzstore.com\/fi\/ukk\/\"]}]},{\"@type\":\"ImageObject\",\"inLanguage\":\"fi\",\"@id\":\"https:\/\/www.cruzstore.com\/fi\/ukk\/#primaryimage\",\"url\":\"http:\/\/www.cruzstore.com\/wp-content\/uploads\/2015\/09\/pesuohjeet.jpg\",\"contentUrl\":\"http:\/\/www.cruzstore.com\/wp-content\/uploads\/2015\/09\/pesuohjeet.jpg\"},{\"@type\":\"BreadcrumbList\",\"@id\":\"https:\/\/www.cruzstore.com\/fi\/ukk\/#breadcrumb\",\"itemListElement\":[{\"@type\":\"ListItem\",\"position\":1,\"name\":\"Home\",\"item\":\"https:\/\/www.cruzstore.com\/fi\/\"},{\"@type\":\"ListItem\",\"position\":2,\"name\":\"UKK\"}]},{\"@type\":\"WebSite\",\"@id\":\"https:\/\/www.cruzstore.com\/#website\",\"url\":\"https:\/\/www.cruzstore.com\/\",\"name\":\"Official Santa Cruz Webstore\",\"description\":\"\",\"publisher\":{\"@id\":\"https:\/\/www.cruzstore.com\/#organization\"},\"potentialAction\":[{\"@type\":\"SearchAction\",\"target\":{\"@type\":\"EntryPoint\",\"urlTemplate\":\"https:\/\/www.cruzstore.com\/?s={search_term_string}\"},\"query-input\":{\"@type\":\"PropertyValueSpecification\",\"valueRequired\":true,\"valueName\":\"search_term_string\"}}],\"inLanguage\":\"fi\"},{\"@type\":\"Organization\",\"@id\":\"https:\/\/www.cruzstore.com\/#organization\",\"name\":\"Official Santa Cruz Webstore\",\"url\":\"https:\/\/www.cruzstore.com\/\",\"logo\":{\"@type\":\"ImageObject\",\"inLanguage\":\"fi\",\"@id\":\"https:\/\/www.cruzstore.com\/#\/schema\/logo\/image\/\",\"url\":\"https:\/\/www.cruzstore.com\/wp-content\/uploads\/2022\/02\/sc_logo.png\",\"contentUrl\":\"https:\/\/www.cruzstore.com\/wp-content\/uploads\/2022\/02\/sc_logo.png\",\"width\":400,\"height\":298,\"caption\":\"Official Santa Cruz Webstore\"},\"image\":{\"@id\":\"https:\/\/www.cruzstore.com\/#\/schema\/logo\/image\/\"},\"sameAs\":[\"https:\/\/www.facebook.com\/santacruzband\"]}]}<\/script>\n<!-- \/ Yoast SEO plugin. -->","yoast_head_json":{"title":"UKK - Official Santa Cruz Webstore","robots":{"index":"index","follow":"follow","max-snippet":"max-snippet:-1","max-image-preview":"max-image-preview:large","max-video-preview":"max-video-preview:-1"},"canonical":"https:\/\/www.cruzstore.com\/fi\/ukk\/","og_locale":"fi_FI","og_type":"article","og_title":"UKK - Official Santa Cruz Webstore","og_description":"Tuotteiden pesuohjeet Tuotteiden hoito- ja pesuohjeet Pese painetut tuotteet (printtikuviolliset) korkeintaan 40-asteessa. Kaikki Cruzstoren T-paidat ovat esikutistettuja, eli ne eiv\u00e4t pienene pesussa huomattavasti Emme suosittele tummien ja v\u00e4rikk\u00e4iden vaatteiden pesemist\u00e4 yhdess\u00e4 Noudata aina tuotteet tuotteen pesulapussa olevia pesuohjeita Onko Cruzstoren tuotteilla minimitilausrajaa? Tilauksilla ei ole minimitilausrajaa, joten voit halutessasi tilata vaikka vain yhden tuotteen. Ovatko [&hellip;]","og_url":"https:\/\/www.cruzstore.com\/fi\/ukk\/","og_site_name":"Official Santa Cruz Webstore","article_publisher":"https:\/\/www.facebook.com\/santacruzband","article_modified_time":"2019-04-23T06:02:10+00:00","og_image":[{"width":1000,"height":320,"url":"https:\/\/www.cruzstore.com\/wp-content\/uploads\/2015\/09\/pesuohjeet.jpg","type":"image\/jpeg"}],"twitter_card":"summary_large_image","twitter_misc":{"Arvioitu lukuaika":"1 minuutti"},"schema":{"@context":"https:\/\/schema.org","@graph":[{"@type":"WebPage","@id":"https:\/\/www.cruzstore.com\/fi\/ukk\/","url":"https:\/\/www.cruzstore.com\/fi\/ukk\/","name":"UKK - Official Santa Cruz Webstore","isPartOf":{"@id":"https:\/\/www.cruzstore.com\/#website"},"primaryImageOfPage":{"@id":"https:\/\/www.cruzstore.com\/fi\/ukk\/#primaryimage"},"image":{"@id":"https:\/\/www.cruzstore.com\/fi\/ukk\/#primaryimage"},"thumbnailUrl":"http:\/\/www.cruzstore.com\/wp-content\/uploads\/2015\/09\/pesuohjeet.jpg","datePublished":"2015-09-04T11:47:10+00:00","dateModified":"2019-04-23T06:02:10+00:00","breadcrumb":{"@id":"https:\/\/www.cruzstore.com\/fi\/ukk\/#breadcrumb"},"inLanguage":"fi","potentialAction":[{"@type":"ReadAction","target":["https:\/\/www.cruzstore.com\/fi\/ukk\/"]}]},{"@type":"ImageObject","inLanguage":"fi","@id":"https:\/\/www.cruzstore.com\/fi\/ukk\/#primaryimage","url":"http:\/\/www.cruzstore.com\/wp-content\/uploads\/2015\/09\/pesuohjeet.jpg","contentUrl":"http:\/\/www.cruzstore.com\/wp-content\/uploads\/2015\/09\/pesuohjeet.jpg"},{"@type":"BreadcrumbList","@id":"https:\/\/www.cruzstore.com\/fi\/ukk\/#breadcrumb","itemListElement":[{"@type":"ListItem","position":1,"name":"Home","item":"https:\/\/www.cruzstore.com\/fi\/"},{"@type":"ListItem","position":2,"name":"UKK"}]},{"@type":"WebSite","@id":"https:\/\/www.cruzstore.com\/#website","url":"https:\/\/www.cruzstore.com\/","name":"Official Santa Cruz Webstore","description":"","publisher":{"@id":"https:\/\/www.cruzstore.com\/#organization"},"potentialAction":[{"@type":"SearchAction","target":{"@type":"EntryPoint","urlTemplate":"https:\/\/www.cruzstore.com\/?s={search_term_string}"},"query-input":{"@type":"PropertyValueSpecification","valueRequired":true,"valueName":"search_term_string"}}],"inLanguage":"fi"},{"@type":"Organization","@id":"https:\/\/www.cruzstore.com\/#organization","name":"Official Santa Cruz Webstore","url":"https:\/\/www.cruzstore.com\/","logo":{"@type":"ImageObject","inLanguage":"fi","@id":"https:\/\/www.cruzstore.com\/#\/schema\/logo\/image\/","url":"https:\/\/www.cruzstore.com\/wp-content\/uploads\/2022\/02\/sc_logo.png","contentUrl":"https:\/\/www.cruzstore.com\/wp-content\/uploads\/2022\/02\/sc_logo.png","width":400,"height":298,"caption":"Official Santa Cruz Webstore"},"image":{"@id":"https:\/\/www.cruzstore.com\/#\/schema\/logo\/image\/"},"sameAs":["https:\/\/www.facebook.com\/santacruzband"]}]}},"_links":{"self":[{"href":"https:\/\/www.cruzstore.com\/fi\/wp-json\/wp\/v2\/pages\/42","targetHints":{"allow":["GET"]}}],"collection":[{"href":"https:\/\/www.cruzstore.com\/fi\/wp-json\/wp\/v2\/pages"}],"about":[{"href":"https:\/\/www.cruzstore.com\/fi\/wp-json\/wp\/v2\/types\/page"}],"author":[{"embeddable":true,"href":"https:\/\/www.cruzstore.com\/fi\/wp-json\/wp\/v2\/users\/1"}],"replies":[{"embeddable":true,"href":"https:\/\/www.cruzstore.com\/fi\/wp-json\/wp\/v2\/comments?post=42"}],"version-history":[{"count":23,"href":"https:\/\/www.cruzstore.com\/fi\/wp-json\/wp\/v2\/pages\/42\/revisions"}],"predecessor-version":[{"id":4105,"href":"https:\/\/www.cruzstore.com\/fi\/wp-json\/wp\/v2\/pages\/42\/revisions\/4105"}],"wp:attachment":[{"href":"https:\/\/www.cruzstore.com\/fi\/wp-json\/wp\/v2\/media?parent=42"}],"curies":[{"name":"wp","href":"https:\/\/api.w.org\/{rel}","templated":true}]}}