{"id":1055,"date":"2015-10-15T20:42:21","date_gmt":"2015-10-15T17:42:21","guid":{"rendered":"http:\/\/www.cruzstore.com\/tuotteet\/t-paidat\/wasted-wounded-t-paita\/?lang=fi"},"modified":"2024-10-25T19:58:17","modified_gmt":"2024-10-25T16:58:17","slug":"wasted-wounded-t-paita","status":"publish","type":"product","link":"https:\/\/www.cruzstore.com\/fi\/products\/wasted-wounded-t-paita\/","title":{"rendered":"Wasted &#038; Wounded T-paita"},"content":{"rendered":"","protected":false},"excerpt":{"rendered":"<p>Jokaisen Cruz-fanin virallinen bailupaita. Wasted and wounded! K\u00e4ytetty. Koko s. Pieni\u00e4 k\u00e4yt\u00f6n j\u00e4lki\u00e4.<\/p>\n","protected":false},"featured_media":79,"comment_status":"open","ping_status":"closed","template":"","meta":{"_monsterinsights_skip_tracking":false,"_monsterinsights_sitenote_active":false,"_monsterinsights_sitenote_note":"","_monsterinsights_sitenote_category":0},"product_brand":[],"product_cat":[7,16,17,151],"product_tag":[],"class_list":{"0":"post-1055","1":"product","2":"type-product","3":"status-publish","4":"has-post-thumbnail","6":"product_cat-t-paidat","7":"product_cat-miehet","8":"product_cat-naiset","9":"product_cat-vintage-fi","10":"product_shipping_class-alle-250g-fi","12":"first","13":"outofstock","14":"sale","15":"taxable","16":"shipping-taxable","17":"purchasable","18":"product-type-variable"},"bundle_layout":"","bundle_add_to_cart_form_location":"","bundle_editable_in_cart":false,"bundle_sold_individually_context":"","bundle_item_grouping":"","bundle_min_size":"","bundle_max_size":"","bundled_by":[],"bundled_items":[],"yoast_head":"<!-- This site is optimized with the Yoast SEO plugin v26.4 - https:\/\/yoast.com\/wordpress\/plugins\/seo\/ -->\n<title>Wasted &amp; Wounded T-paita - Official Santa Cruz Webstore<\/title>\n<meta name=\"description\" content=\"vintage# santa cruz #wasted and wounded\" \/>\n<meta name=\"robots\" content=\"index, follow, max-snippet:-1, max-image-preview:large, max-video-preview:-1\" \/>\n<link rel=\"canonical\" href=\"https:\/\/www.cruzstore.com\/fi\/products\/wasted-wounded-t-paita\/\" \/>\n<meta property=\"og:locale\" content=\"fi_FI\" \/>\n<meta property=\"og:type\" content=\"article\" \/>\n<meta property=\"og:title\" content=\"Wasted &amp; Wounded T-paita - Official Santa Cruz Webstore\" \/>\n<meta property=\"og:description\" content=\"vintage# santa cruz #wasted and wounded\" \/>\n<meta property=\"og:url\" content=\"https:\/\/www.cruzstore.com\/fi\/products\/wasted-wounded-t-paita\/\" \/>\n<meta property=\"og:site_name\" content=\"Official Santa Cruz Webstore\" \/>\n<meta property=\"article:publisher\" content=\"https:\/\/www.facebook.com\/santacruzband\" \/>\n<meta property=\"article:modified_time\" content=\"2024-10-25T16:58:17+00:00\" \/>\n<meta property=\"og:image\" content=\"https:\/\/www.cruzstore.com\/wp-content\/uploads\/2015\/09\/WastedNWoundedWhite-MockUp-600x600.jpg\" \/>\n\t<meta property=\"og:image:width\" content=\"600\" \/>\n\t<meta property=\"og:image:height\" content=\"600\" \/>\n\t<meta property=\"og:image:type\" content=\"image\/jpeg\" \/>\n<meta name=\"twitter:card\" content=\"summary_large_image\" \/>\n<script type=\"application\/ld+json\" class=\"yoast-schema-graph\">{\"@context\":\"https:\/\/schema.org\",\"@graph\":[{\"@type\":\"WebPage\",\"@id\":\"https:\/\/www.cruzstore.com\/fi\/products\/wasted-wounded-t-paita\/\",\"url\":\"https:\/\/www.cruzstore.com\/fi\/products\/wasted-wounded-t-paita\/\",\"name\":\"Wasted & Wounded T-paita - Official Santa Cruz Webstore\",\"isPartOf\":{\"@id\":\"https:\/\/www.cruzstore.com\/#website\"},\"primaryImageOfPage\":{\"@id\":\"https:\/\/www.cruzstore.com\/fi\/products\/wasted-wounded-t-paita\/#primaryimage\"},\"image\":{\"@id\":\"https:\/\/www.cruzstore.com\/fi\/products\/wasted-wounded-t-paita\/#primaryimage\"},\"thumbnailUrl\":\"https:\/\/www.cruzstore.com\/wp-content\/uploads\/2015\/09\/WastedNWoundedWhite-MockUp-600x600.jpg\",\"datePublished\":\"2015-10-15T17:42:21+00:00\",\"dateModified\":\"2024-10-25T16:58:17+00:00\",\"description\":\"vintage# santa cruz #wasted and wounded\",\"breadcrumb\":{\"@id\":\"https:\/\/www.cruzstore.com\/fi\/products\/wasted-wounded-t-paita\/#breadcrumb\"},\"inLanguage\":\"fi\",\"potentialAction\":[{\"@type\":\"ReadAction\",\"target\":[\"https:\/\/www.cruzstore.com\/fi\/products\/wasted-wounded-t-paita\/\"]}]},{\"@type\":\"ImageObject\",\"inLanguage\":\"fi\",\"@id\":\"https:\/\/www.cruzstore.com\/fi\/products\/wasted-wounded-t-paita\/#primaryimage\",\"url\":\"https:\/\/www.cruzstore.com\/wp-content\/uploads\/2015\/09\/WastedNWoundedWhite-MockUp-600x600.jpg\",\"contentUrl\":\"https:\/\/www.cruzstore.com\/wp-content\/uploads\/2015\/09\/WastedNWoundedWhite-MockUp-600x600.jpg\",\"width\":600,\"height\":600},{\"@type\":\"BreadcrumbList\",\"@id\":\"https:\/\/www.cruzstore.com\/fi\/products\/wasted-wounded-t-paita\/#breadcrumb\",\"itemListElement\":[{\"@type\":\"ListItem\",\"position\":1,\"name\":\"Home\",\"item\":\"https:\/\/www.cruzstore.com\/fi\/\"},{\"@type\":\"ListItem\",\"position\":2,\"name\":\"Tuotteet\",\"item\":\"https:\/\/www.cruzstore.com\/fi\/tuotteet\/\"},{\"@type\":\"ListItem\",\"position\":3,\"name\":\"Vintage\",\"item\":\"https:\/\/www.cruzstore.com\/fi\/tuote-osasto\/vintage-fi\/\"},{\"@type\":\"ListItem\",\"position\":4,\"name\":\"Wasted &#038; Wounded T-paita\"}]},{\"@type\":\"WebSite\",\"@id\":\"https:\/\/www.cruzstore.com\/#website\",\"url\":\"https:\/\/www.cruzstore.com\/\",\"name\":\"Official Santa Cruz Webstore\",\"description\":\"\",\"publisher\":{\"@id\":\"https:\/\/www.cruzstore.com\/#organization\"},\"potentialAction\":[{\"@type\":\"SearchAction\",\"target\":{\"@type\":\"EntryPoint\",\"urlTemplate\":\"https:\/\/www.cruzstore.com\/?s={search_term_string}\"},\"query-input\":{\"@type\":\"PropertyValueSpecification\",\"valueRequired\":true,\"valueName\":\"search_term_string\"}}],\"inLanguage\":\"fi\"},{\"@type\":\"Organization\",\"@id\":\"https:\/\/www.cruzstore.com\/#organization\",\"name\":\"Official Santa Cruz Webstore\",\"url\":\"https:\/\/www.cruzstore.com\/\",\"logo\":{\"@type\":\"ImageObject\",\"inLanguage\":\"fi\",\"@id\":\"https:\/\/www.cruzstore.com\/#\/schema\/logo\/image\/\",\"url\":\"https:\/\/www.cruzstore.com\/wp-content\/uploads\/2022\/02\/sc_logo.png\",\"contentUrl\":\"https:\/\/www.cruzstore.com\/wp-content\/uploads\/2022\/02\/sc_logo.png\",\"width\":400,\"height\":298,\"caption\":\"Official Santa Cruz Webstore\"},\"image\":{\"@id\":\"https:\/\/www.cruzstore.com\/#\/schema\/logo\/image\/\"},\"sameAs\":[\"https:\/\/www.facebook.com\/santacruzband\"]}]}<\/script>\n<!-- \/ Yoast SEO plugin. -->","yoast_head_json":{"title":"Wasted & Wounded T-paita - Official Santa Cruz Webstore","description":"vintage# santa cruz #wasted and wounded","robots":{"index":"index","follow":"follow","max-snippet":"max-snippet:-1","max-image-preview":"max-image-preview:large","max-video-preview":"max-video-preview:-1"},"canonical":"https:\/\/www.cruzstore.com\/fi\/products\/wasted-wounded-t-paita\/","og_locale":"fi_FI","og_type":"article","og_title":"Wasted & Wounded T-paita - Official Santa Cruz Webstore","og_description":"vintage# santa cruz #wasted and wounded","og_url":"https:\/\/www.cruzstore.com\/fi\/products\/wasted-wounded-t-paita\/","og_site_name":"Official Santa Cruz Webstore","article_publisher":"https:\/\/www.facebook.com\/santacruzband","article_modified_time":"2024-10-25T16:58:17+00:00","og_image":[{"width":600,"height":600,"url":"https:\/\/www.cruzstore.com\/wp-content\/uploads\/2015\/09\/WastedNWoundedWhite-MockUp-600x600.jpg","type":"image\/jpeg"}],"twitter_card":"summary_large_image","schema":{"@context":"https:\/\/schema.org","@graph":[{"@type":"WebPage","@id":"https:\/\/www.cruzstore.com\/fi\/products\/wasted-wounded-t-paita\/","url":"https:\/\/www.cruzstore.com\/fi\/products\/wasted-wounded-t-paita\/","name":"Wasted & Wounded T-paita - Official Santa Cruz Webstore","isPartOf":{"@id":"https:\/\/www.cruzstore.com\/#website"},"primaryImageOfPage":{"@id":"https:\/\/www.cruzstore.com\/fi\/products\/wasted-wounded-t-paita\/#primaryimage"},"image":{"@id":"https:\/\/www.cruzstore.com\/fi\/products\/wasted-wounded-t-paita\/#primaryimage"},"thumbnailUrl":"https:\/\/www.cruzstore.com\/wp-content\/uploads\/2015\/09\/WastedNWoundedWhite-MockUp-600x600.jpg","datePublished":"2015-10-15T17:42:21+00:00","dateModified":"2024-10-25T16:58:17+00:00","description":"vintage# santa cruz #wasted and wounded","breadcrumb":{"@id":"https:\/\/www.cruzstore.com\/fi\/products\/wasted-wounded-t-paita\/#breadcrumb"},"inLanguage":"fi","potentialAction":[{"@type":"ReadAction","target":["https:\/\/www.cruzstore.com\/fi\/products\/wasted-wounded-t-paita\/"]}]},{"@type":"ImageObject","inLanguage":"fi","@id":"https:\/\/www.cruzstore.com\/fi\/products\/wasted-wounded-t-paita\/#primaryimage","url":"https:\/\/www.cruzstore.com\/wp-content\/uploads\/2015\/09\/WastedNWoundedWhite-MockUp-600x600.jpg","contentUrl":"https:\/\/www.cruzstore.com\/wp-content\/uploads\/2015\/09\/WastedNWoundedWhite-MockUp-600x600.jpg","width":600,"height":600},{"@type":"BreadcrumbList","@id":"https:\/\/www.cruzstore.com\/fi\/products\/wasted-wounded-t-paita\/#breadcrumb","itemListElement":[{"@type":"ListItem","position":1,"name":"Home","item":"https:\/\/www.cruzstore.com\/fi\/"},{"@type":"ListItem","position":2,"name":"Tuotteet","item":"https:\/\/www.cruzstore.com\/fi\/tuotteet\/"},{"@type":"ListItem","position":3,"name":"Vintage","item":"https:\/\/www.cruzstore.com\/fi\/tuote-osasto\/vintage-fi\/"},{"@type":"ListItem","position":4,"name":"Wasted &#038; Wounded T-paita"}]},{"@type":"WebSite","@id":"https:\/\/www.cruzstore.com\/#website","url":"https:\/\/www.cruzstore.com\/","name":"Official Santa Cruz Webstore","description":"","publisher":{"@id":"https:\/\/www.cruzstore.com\/#organization"},"potentialAction":[{"@type":"SearchAction","target":{"@type":"EntryPoint","urlTemplate":"https:\/\/www.cruzstore.com\/?s={search_term_string}"},"query-input":{"@type":"PropertyValueSpecification","valueRequired":true,"valueName":"search_term_string"}}],"inLanguage":"fi"},{"@type":"Organization","@id":"https:\/\/www.cruzstore.com\/#organization","name":"Official Santa Cruz Webstore","url":"https:\/\/www.cruzstore.com\/","logo":{"@type":"ImageObject","inLanguage":"fi","@id":"https:\/\/www.cruzstore.com\/#\/schema\/logo\/image\/","url":"https:\/\/www.cruzstore.com\/wp-content\/uploads\/2022\/02\/sc_logo.png","contentUrl":"https:\/\/www.cruzstore.com\/wp-content\/uploads\/2022\/02\/sc_logo.png","width":400,"height":298,"caption":"Official Santa Cruz Webstore"},"image":{"@id":"https:\/\/www.cruzstore.com\/#\/schema\/logo\/image\/"},"sameAs":["https:\/\/www.facebook.com\/santacruzband"]}]}},"_links":{"self":[{"href":"https:\/\/www.cruzstore.com\/fi\/wp-json\/wp\/v2\/product\/1055","targetHints":{"allow":["GET"]}}],"collection":[{"href":"https:\/\/www.cruzstore.com\/fi\/wp-json\/wp\/v2\/product"}],"about":[{"href":"https:\/\/www.cruzstore.com\/fi\/wp-json\/wp\/v2\/types\/product"}],"replies":[{"embeddable":true,"href":"https:\/\/www.cruzstore.com\/fi\/wp-json\/wp\/v2\/comments?post=1055"}],"wp:featuredmedia":[{"embeddable":true,"href":"https:\/\/www.cruzstore.com\/fi\/wp-json\/wp\/v2\/media\/79"}],"wp:attachment":[{"href":"https:\/\/www.cruzstore.com\/fi\/wp-json\/wp\/v2\/media?parent=1055"}],"wp:term":[{"taxonomy":"product_brand","embeddable":true,"href":"https:\/\/www.cruzstore.com\/fi\/wp-json\/wp\/v2\/product_brand?post=1055"},{"taxonomy":"product_cat","embeddable":true,"href":"https:\/\/www.cruzstore.com\/fi\/wp-json\/wp\/v2\/product_cat?post=1055"},{"taxonomy":"product_tag","embeddable":true,"href":"https:\/\/www.cruzstore.com\/fi\/wp-json\/wp\/v2\/product_tag?post=1055"}],"curies":[{"name":"wp","href":"https:\/\/api.w.org\/{rel}","templated":true}]}}