{"id":4322,"date":"2020-04-20T16:53:23","date_gmt":"2020-04-20T13:53:23","guid":{"rendered":"https:\/\/www.cruzstore.com\/products\/Ei-luokiteltu\/santa-cruz-katharsis-cd\/"},"modified":"2020-04-20T14:35:42","modified_gmt":"2020-04-20T11:35:42","slug":"santa-cruz-katharsis-cd","status":"publish","type":"product","link":"https:\/\/www.cruzstore.com\/fi\/products\/santa-cruz-katharsis-cd\/","title":{"rendered":"Santa Cruz -Katharsis CD"},"content":{"rendered":"","protected":false},"excerpt":{"rendered":"<p>Uusi Albumi Katharsis on t\u00e4\u00e4ll\u00e4!<\/p>\n<p>Julkaisu pvm. 25.10.2019<\/p>\n<p>Kappaleet<\/p>\n<p>1. Changing of Seasons<br \/>\n2. Bang Bang (My Worst Enemy)<br \/>\n3. Into The War<br \/>\n4. I Want You To Mean It<br \/>\n5. True Believer<br \/>\n6. Tell Me Why<br \/>\n7. Testify<br \/>\n8. Smoke Signals<br \/>\n9. It Was You<br \/>\n10. Salvation<br \/>\n11. Time After Time (Cyndi Lauper cover)<\/p>\n","protected":false},"featured_media":4165,"comment_status":"closed","ping_status":"closed","template":"","meta":{"_monsterinsights_skip_tracking":false,"_monsterinsights_sitenote_active":false,"_monsterinsights_sitenote_note":"","_monsterinsights_sitenote_category":0},"product_brand":[],"product_cat":[8,18],"product_tag":[],"class_list":{"0":"post-4322","1":"product","2":"type-product","3":"status-publish","4":"has-post-thumbnail","6":"product_cat-levyt","7":"product_cat-cd-levyt","8":"product_shipping_class-alle-250g-fi","10":"first","11":"instock","12":"taxable","13":"shipping-taxable","14":"purchasable","15":"product-type-simple"},"bundle_layout":"","bundle_add_to_cart_form_location":"","bundle_editable_in_cart":false,"bundle_sold_individually_context":"","bundle_item_grouping":"","bundle_min_size":"","bundle_max_size":"","bundled_by":[],"bundled_items":[],"yoast_head":"<!-- This site is optimized with the Yoast SEO plugin v26.4 - https:\/\/yoast.com\/wordpress\/plugins\/seo\/ -->\n<title>Santa Cruz -Katharsis CD - Official Santa Cruz Webstore<\/title>\n<meta name=\"robots\" content=\"index, follow, max-snippet:-1, max-image-preview:large, max-video-preview:-1\" \/>\n<link rel=\"canonical\" href=\"https:\/\/www.cruzstore.com\/fi\/products\/santa-cruz-katharsis-cd\/\" \/>\n<meta property=\"og:locale\" content=\"fi_FI\" \/>\n<meta property=\"og:type\" content=\"article\" \/>\n<meta property=\"og:title\" content=\"Santa Cruz -Katharsis CD - Official Santa Cruz Webstore\" \/>\n<meta property=\"og:description\" content=\"Uusi Albumi Katharsis on t\u00e4\u00e4ll\u00e4!  Julkaisu pvm. 25.10.2019  Kappaleet  1. Changing of Seasons 2. Bang Bang (My Worst Enemy) 3. Into The War 4. I Want You To Mean It 5. True Believer 6. Tell Me Why 7. Testify 8. Smoke Signals 9. It Was You 10. Salvation 11. Time After Time (Cyndi Lauper cover)\" \/>\n<meta property=\"og:url\" content=\"https:\/\/www.cruzstore.com\/fi\/products\/santa-cruz-katharsis-cd\/\" \/>\n<meta property=\"og:site_name\" content=\"Official Santa Cruz Webstore\" \/>\n<meta property=\"article:publisher\" content=\"https:\/\/www.facebook.com\/santacruzband\" \/>\n<meta property=\"og:image\" content=\"https:\/\/www.cruzstore.com\/wp-content\/uploads\/2019\/10\/santa-cruz-katharsis-cd.jpg\" \/>\n\t<meta property=\"og:image:width\" content=\"600\" \/>\n\t<meta property=\"og:image:height\" content=\"600\" \/>\n\t<meta property=\"og:image:type\" content=\"image\/jpeg\" \/>\n<meta name=\"twitter:card\" content=\"summary_large_image\" \/>\n<script type=\"application\/ld+json\" class=\"yoast-schema-graph\">{\"@context\":\"https:\/\/schema.org\",\"@graph\":[{\"@type\":\"WebPage\",\"@id\":\"https:\/\/www.cruzstore.com\/fi\/products\/santa-cruz-katharsis-cd\/\",\"url\":\"https:\/\/www.cruzstore.com\/fi\/products\/santa-cruz-katharsis-cd\/\",\"name\":\"Santa Cruz -Katharsis CD - Official Santa Cruz Webstore\",\"isPartOf\":{\"@id\":\"https:\/\/www.cruzstore.com\/#website\"},\"primaryImageOfPage\":{\"@id\":\"https:\/\/www.cruzstore.com\/fi\/products\/santa-cruz-katharsis-cd\/#primaryimage\"},\"image\":{\"@id\":\"https:\/\/www.cruzstore.com\/fi\/products\/santa-cruz-katharsis-cd\/#primaryimage\"},\"thumbnailUrl\":\"https:\/\/www.cruzstore.com\/wp-content\/uploads\/2019\/10\/santa-cruz-katharsis-cd.jpg\",\"datePublished\":\"2020-04-20T13:53:23+00:00\",\"breadcrumb\":{\"@id\":\"https:\/\/www.cruzstore.com\/fi\/products\/santa-cruz-katharsis-cd\/#breadcrumb\"},\"inLanguage\":\"fi\",\"potentialAction\":[{\"@type\":\"ReadAction\",\"target\":[\"https:\/\/www.cruzstore.com\/fi\/products\/santa-cruz-katharsis-cd\/\"]}]},{\"@type\":\"ImageObject\",\"inLanguage\":\"fi\",\"@id\":\"https:\/\/www.cruzstore.com\/fi\/products\/santa-cruz-katharsis-cd\/#primaryimage\",\"url\":\"https:\/\/www.cruzstore.com\/wp-content\/uploads\/2019\/10\/santa-cruz-katharsis-cd.jpg\",\"contentUrl\":\"https:\/\/www.cruzstore.com\/wp-content\/uploads\/2019\/10\/santa-cruz-katharsis-cd.jpg\",\"width\":600,\"height\":600},{\"@type\":\"BreadcrumbList\",\"@id\":\"https:\/\/www.cruzstore.com\/fi\/products\/santa-cruz-katharsis-cd\/#breadcrumb\",\"itemListElement\":[{\"@type\":\"ListItem\",\"position\":1,\"name\":\"Home\",\"item\":\"https:\/\/www.cruzstore.com\/fi\/\"},{\"@type\":\"ListItem\",\"position\":2,\"name\":\"Tuotteet\",\"item\":\"https:\/\/www.cruzstore.com\/fi\/tuotteet\/\"},{\"@type\":\"ListItem\",\"position\":3,\"name\":\"Levyt\",\"item\":\"https:\/\/www.cruzstore.com\/fi\/tuote-osasto\/levyt\/\"},{\"@type\":\"ListItem\",\"position\":4,\"name\":\"CD-levyt\",\"item\":\"https:\/\/www.cruzstore.com\/fi\/tuote-osasto\/levyt\/cd-levyt\/\"},{\"@type\":\"ListItem\",\"position\":5,\"name\":\"Santa Cruz -Katharsis CD\"}]},{\"@type\":\"WebSite\",\"@id\":\"https:\/\/www.cruzstore.com\/#website\",\"url\":\"https:\/\/www.cruzstore.com\/\",\"name\":\"Official Santa Cruz Webstore\",\"description\":\"\",\"publisher\":{\"@id\":\"https:\/\/www.cruzstore.com\/#organization\"},\"potentialAction\":[{\"@type\":\"SearchAction\",\"target\":{\"@type\":\"EntryPoint\",\"urlTemplate\":\"https:\/\/www.cruzstore.com\/?s={search_term_string}\"},\"query-input\":{\"@type\":\"PropertyValueSpecification\",\"valueRequired\":true,\"valueName\":\"search_term_string\"}}],\"inLanguage\":\"fi\"},{\"@type\":\"Organization\",\"@id\":\"https:\/\/www.cruzstore.com\/#organization\",\"name\":\"Official Santa Cruz Webstore\",\"url\":\"https:\/\/www.cruzstore.com\/\",\"logo\":{\"@type\":\"ImageObject\",\"inLanguage\":\"fi\",\"@id\":\"https:\/\/www.cruzstore.com\/#\/schema\/logo\/image\/\",\"url\":\"https:\/\/www.cruzstore.com\/wp-content\/uploads\/2022\/02\/sc_logo.png\",\"contentUrl\":\"https:\/\/www.cruzstore.com\/wp-content\/uploads\/2022\/02\/sc_logo.png\",\"width\":400,\"height\":298,\"caption\":\"Official Santa Cruz Webstore\"},\"image\":{\"@id\":\"https:\/\/www.cruzstore.com\/#\/schema\/logo\/image\/\"},\"sameAs\":[\"https:\/\/www.facebook.com\/santacruzband\"]}]}<\/script>\n<!-- \/ Yoast SEO plugin. -->","yoast_head_json":{"title":"Santa Cruz -Katharsis CD - Official Santa Cruz Webstore","robots":{"index":"index","follow":"follow","max-snippet":"max-snippet:-1","max-image-preview":"max-image-preview:large","max-video-preview":"max-video-preview:-1"},"canonical":"https:\/\/www.cruzstore.com\/fi\/products\/santa-cruz-katharsis-cd\/","og_locale":"fi_FI","og_type":"article","og_title":"Santa Cruz -Katharsis CD - Official Santa Cruz Webstore","og_description":"Uusi Albumi Katharsis on t\u00e4\u00e4ll\u00e4!  Julkaisu pvm. 25.10.2019  Kappaleet  1. Changing of Seasons 2. Bang Bang (My Worst Enemy) 3. Into The War 4. I Want You To Mean It 5. True Believer 6. Tell Me Why 7. Testify 8. Smoke Signals 9. It Was You 10. Salvation 11. Time After Time (Cyndi Lauper cover)","og_url":"https:\/\/www.cruzstore.com\/fi\/products\/santa-cruz-katharsis-cd\/","og_site_name":"Official Santa Cruz Webstore","article_publisher":"https:\/\/www.facebook.com\/santacruzband","og_image":[{"width":600,"height":600,"url":"https:\/\/www.cruzstore.com\/wp-content\/uploads\/2019\/10\/santa-cruz-katharsis-cd.jpg","type":"image\/jpeg"}],"twitter_card":"summary_large_image","schema":{"@context":"https:\/\/schema.org","@graph":[{"@type":"WebPage","@id":"https:\/\/www.cruzstore.com\/fi\/products\/santa-cruz-katharsis-cd\/","url":"https:\/\/www.cruzstore.com\/fi\/products\/santa-cruz-katharsis-cd\/","name":"Santa Cruz -Katharsis CD - Official Santa Cruz Webstore","isPartOf":{"@id":"https:\/\/www.cruzstore.com\/#website"},"primaryImageOfPage":{"@id":"https:\/\/www.cruzstore.com\/fi\/products\/santa-cruz-katharsis-cd\/#primaryimage"},"image":{"@id":"https:\/\/www.cruzstore.com\/fi\/products\/santa-cruz-katharsis-cd\/#primaryimage"},"thumbnailUrl":"https:\/\/www.cruzstore.com\/wp-content\/uploads\/2019\/10\/santa-cruz-katharsis-cd.jpg","datePublished":"2020-04-20T13:53:23+00:00","breadcrumb":{"@id":"https:\/\/www.cruzstore.com\/fi\/products\/santa-cruz-katharsis-cd\/#breadcrumb"},"inLanguage":"fi","potentialAction":[{"@type":"ReadAction","target":["https:\/\/www.cruzstore.com\/fi\/products\/santa-cruz-katharsis-cd\/"]}]},{"@type":"ImageObject","inLanguage":"fi","@id":"https:\/\/www.cruzstore.com\/fi\/products\/santa-cruz-katharsis-cd\/#primaryimage","url":"https:\/\/www.cruzstore.com\/wp-content\/uploads\/2019\/10\/santa-cruz-katharsis-cd.jpg","contentUrl":"https:\/\/www.cruzstore.com\/wp-content\/uploads\/2019\/10\/santa-cruz-katharsis-cd.jpg","width":600,"height":600},{"@type":"BreadcrumbList","@id":"https:\/\/www.cruzstore.com\/fi\/products\/santa-cruz-katharsis-cd\/#breadcrumb","itemListElement":[{"@type":"ListItem","position":1,"name":"Home","item":"https:\/\/www.cruzstore.com\/fi\/"},{"@type":"ListItem","position":2,"name":"Tuotteet","item":"https:\/\/www.cruzstore.com\/fi\/tuotteet\/"},{"@type":"ListItem","position":3,"name":"Levyt","item":"https:\/\/www.cruzstore.com\/fi\/tuote-osasto\/levyt\/"},{"@type":"ListItem","position":4,"name":"CD-levyt","item":"https:\/\/www.cruzstore.com\/fi\/tuote-osasto\/levyt\/cd-levyt\/"},{"@type":"ListItem","position":5,"name":"Santa Cruz -Katharsis CD"}]},{"@type":"WebSite","@id":"https:\/\/www.cruzstore.com\/#website","url":"https:\/\/www.cruzstore.com\/","name":"Official Santa Cruz Webstore","description":"","publisher":{"@id":"https:\/\/www.cruzstore.com\/#organization"},"potentialAction":[{"@type":"SearchAction","target":{"@type":"EntryPoint","urlTemplate":"https:\/\/www.cruzstore.com\/?s={search_term_string}"},"query-input":{"@type":"PropertyValueSpecification","valueRequired":true,"valueName":"search_term_string"}}],"inLanguage":"fi"},{"@type":"Organization","@id":"https:\/\/www.cruzstore.com\/#organization","name":"Official Santa Cruz Webstore","url":"https:\/\/www.cruzstore.com\/","logo":{"@type":"ImageObject","inLanguage":"fi","@id":"https:\/\/www.cruzstore.com\/#\/schema\/logo\/image\/","url":"https:\/\/www.cruzstore.com\/wp-content\/uploads\/2022\/02\/sc_logo.png","contentUrl":"https:\/\/www.cruzstore.com\/wp-content\/uploads\/2022\/02\/sc_logo.png","width":400,"height":298,"caption":"Official Santa Cruz Webstore"},"image":{"@id":"https:\/\/www.cruzstore.com\/#\/schema\/logo\/image\/"},"sameAs":["https:\/\/www.facebook.com\/santacruzband"]}]}},"_links":{"self":[{"href":"https:\/\/www.cruzstore.com\/fi\/wp-json\/wp\/v2\/product\/4322","targetHints":{"allow":["GET"]}}],"collection":[{"href":"https:\/\/www.cruzstore.com\/fi\/wp-json\/wp\/v2\/product"}],"about":[{"href":"https:\/\/www.cruzstore.com\/fi\/wp-json\/wp\/v2\/types\/product"}],"replies":[{"embeddable":true,"href":"https:\/\/www.cruzstore.com\/fi\/wp-json\/wp\/v2\/comments?post=4322"}],"wp:featuredmedia":[{"embeddable":true,"href":"https:\/\/www.cruzstore.com\/fi\/wp-json\/wp\/v2\/media\/4165"}],"wp:attachment":[{"href":"https:\/\/www.cruzstore.com\/fi\/wp-json\/wp\/v2\/media?parent=4322"}],"wp:term":[{"taxonomy":"product_brand","embeddable":true,"href":"https:\/\/www.cruzstore.com\/fi\/wp-json\/wp\/v2\/product_brand?post=4322"},{"taxonomy":"product_cat","embeddable":true,"href":"https:\/\/www.cruzstore.com\/fi\/wp-json\/wp\/v2\/product_cat?post=4322"},{"taxonomy":"product_tag","embeddable":true,"href":"https:\/\/www.cruzstore.com\/fi\/wp-json\/wp\/v2\/product_tag?post=4322"}],"curies":[{"name":"wp","href":"https:\/\/api.w.org\/{rel}","templated":true}]}}