{"id":449,"date":"2015-10-03T08:11:31","date_gmt":"2015-10-03T05:11:31","guid":{"rendered":"http:\/\/www.cruzstore.com\/tuote\/kallotarra\/"},"modified":"2025-11-12T07:45:46","modified_gmt":"2025-11-12T05:45:46","slug":"kallotarra","status":"publish","type":"product","link":"https:\/\/www.cruzstore.com\/fi\/products\/kallotarra\/","title":{"rendered":"Kallotarra"},"content":{"rendered":"<p>Tarran koko 8x8cm.<\/p>\n","protected":false},"excerpt":{"rendered":"<p>B\u00e4ndin tunnusmerkkin\u00e4 usein n\u00e4hty p\u00e4\u00e4kallo tarran muodossa.<\/p>\n","protected":false},"featured_media":440,"comment_status":"open","ping_status":"closed","template":"","meta":{"_monsterinsights_skip_tracking":false,"_monsterinsights_sitenote_active":false,"_monsterinsights_sitenote_note":"","_monsterinsights_sitenote_category":0},"product_brand":[],"product_cat":[9],"product_tag":[],"class_list":{"0":"post-449","1":"product","2":"type-product","3":"status-publish","4":"has-post-thumbnail","6":"product_cat-oheistuotteet","8":"first","9":"instock","10":"sale","11":"taxable","12":"shipping-taxable","13":"purchasable","14":"product-type-simple"},"bundle_layout":"","bundle_add_to_cart_form_location":"","bundle_editable_in_cart":false,"bundle_sold_individually_context":"","bundle_item_grouping":"","bundle_min_size":"","bundle_max_size":"","bundled_by":[],"bundled_items":[],"yoast_head":"<!-- This site is optimized with the Yoast SEO plugin v26.4 - https:\/\/yoast.com\/wordpress\/plugins\/seo\/ -->\n<title>Kallotarra - Official Santa Cruz Webstore<\/title>\n<meta name=\"robots\" content=\"index, follow, max-snippet:-1, max-image-preview:large, max-video-preview:-1\" \/>\n<link rel=\"canonical\" href=\"https:\/\/www.cruzstore.com\/fi\/products\/kallotarra\/\" \/>\n<meta property=\"og:locale\" content=\"fi_FI\" \/>\n<meta property=\"og:type\" content=\"article\" \/>\n<meta property=\"og:title\" content=\"Kallotarra - Official Santa Cruz Webstore\" \/>\n<meta property=\"og:description\" content=\"B\u00e4ndin tunnusmerkkin\u00e4 usein n\u00e4hty p\u00e4\u00e4kallo tarran muodossa.\" \/>\n<meta property=\"og:url\" content=\"https:\/\/www.cruzstore.com\/fi\/products\/kallotarra\/\" \/>\n<meta property=\"og:site_name\" content=\"Official Santa Cruz Webstore\" \/>\n<meta property=\"article:publisher\" content=\"https:\/\/www.facebook.com\/santacruzband\" \/>\n<meta property=\"article:modified_time\" content=\"2025-11-12T05:45:46+00:00\" \/>\n<meta property=\"og:image\" content=\"https:\/\/www.cruzstore.com\/wp-content\/uploads\/2015\/10\/kallotarra.jpg\" \/>\n\t<meta property=\"og:image:width\" content=\"600\" \/>\n\t<meta property=\"og:image:height\" content=\"600\" \/>\n\t<meta property=\"og:image:type\" content=\"image\/jpeg\" \/>\n<meta name=\"twitter:card\" content=\"summary_large_image\" \/>\n<meta name=\"twitter:label1\" content=\"Arvioitu lukuaika\" \/>\n\t<meta name=\"twitter:data1\" content=\"1 minuutti\" \/>\n<script type=\"application\/ld+json\" class=\"yoast-schema-graph\">{\"@context\":\"https:\/\/schema.org\",\"@graph\":[{\"@type\":\"WebPage\",\"@id\":\"https:\/\/www.cruzstore.com\/fi\/products\/kallotarra\/\",\"url\":\"https:\/\/www.cruzstore.com\/fi\/products\/kallotarra\/\",\"name\":\"Kallotarra - Official Santa Cruz Webstore\",\"isPartOf\":{\"@id\":\"https:\/\/www.cruzstore.com\/#website\"},\"primaryImageOfPage\":{\"@id\":\"https:\/\/www.cruzstore.com\/fi\/products\/kallotarra\/#primaryimage\"},\"image\":{\"@id\":\"https:\/\/www.cruzstore.com\/fi\/products\/kallotarra\/#primaryimage\"},\"thumbnailUrl\":\"https:\/\/www.cruzstore.com\/wp-content\/uploads\/2015\/10\/kallotarra.jpg\",\"datePublished\":\"2015-10-03T05:11:31+00:00\",\"dateModified\":\"2025-11-12T05:45:46+00:00\",\"breadcrumb\":{\"@id\":\"https:\/\/www.cruzstore.com\/fi\/products\/kallotarra\/#breadcrumb\"},\"inLanguage\":\"fi\",\"potentialAction\":[{\"@type\":\"ReadAction\",\"target\":[\"https:\/\/www.cruzstore.com\/fi\/products\/kallotarra\/\"]}]},{\"@type\":\"ImageObject\",\"inLanguage\":\"fi\",\"@id\":\"https:\/\/www.cruzstore.com\/fi\/products\/kallotarra\/#primaryimage\",\"url\":\"https:\/\/www.cruzstore.com\/wp-content\/uploads\/2015\/10\/kallotarra.jpg\",\"contentUrl\":\"https:\/\/www.cruzstore.com\/wp-content\/uploads\/2015\/10\/kallotarra.jpg\",\"width\":600,\"height\":600},{\"@type\":\"BreadcrumbList\",\"@id\":\"https:\/\/www.cruzstore.com\/fi\/products\/kallotarra\/#breadcrumb\",\"itemListElement\":[{\"@type\":\"ListItem\",\"position\":1,\"name\":\"Home\",\"item\":\"https:\/\/www.cruzstore.com\/fi\/\"},{\"@type\":\"ListItem\",\"position\":2,\"name\":\"Tuotteet\",\"item\":\"https:\/\/www.cruzstore.com\/fi\/tuotteet\/\"},{\"@type\":\"ListItem\",\"position\":3,\"name\":\"Oheistuotteet\",\"item\":\"https:\/\/www.cruzstore.com\/fi\/tuote-osasto\/oheistuotteet\/\"},{\"@type\":\"ListItem\",\"position\":4,\"name\":\"Kallotarra\"}]},{\"@type\":\"WebSite\",\"@id\":\"https:\/\/www.cruzstore.com\/#website\",\"url\":\"https:\/\/www.cruzstore.com\/\",\"name\":\"Official Santa Cruz Webstore\",\"description\":\"\",\"publisher\":{\"@id\":\"https:\/\/www.cruzstore.com\/#organization\"},\"potentialAction\":[{\"@type\":\"SearchAction\",\"target\":{\"@type\":\"EntryPoint\",\"urlTemplate\":\"https:\/\/www.cruzstore.com\/?s={search_term_string}\"},\"query-input\":{\"@type\":\"PropertyValueSpecification\",\"valueRequired\":true,\"valueName\":\"search_term_string\"}}],\"inLanguage\":\"fi\"},{\"@type\":\"Organization\",\"@id\":\"https:\/\/www.cruzstore.com\/#organization\",\"name\":\"Official Santa Cruz Webstore\",\"url\":\"https:\/\/www.cruzstore.com\/\",\"logo\":{\"@type\":\"ImageObject\",\"inLanguage\":\"fi\",\"@id\":\"https:\/\/www.cruzstore.com\/#\/schema\/logo\/image\/\",\"url\":\"https:\/\/www.cruzstore.com\/wp-content\/uploads\/2022\/02\/sc_logo.png\",\"contentUrl\":\"https:\/\/www.cruzstore.com\/wp-content\/uploads\/2022\/02\/sc_logo.png\",\"width\":400,\"height\":298,\"caption\":\"Official Santa Cruz Webstore\"},\"image\":{\"@id\":\"https:\/\/www.cruzstore.com\/#\/schema\/logo\/image\/\"},\"sameAs\":[\"https:\/\/www.facebook.com\/santacruzband\"]}]}<\/script>\n<!-- \/ Yoast SEO plugin. -->","yoast_head_json":{"title":"Kallotarra - Official Santa Cruz Webstore","robots":{"index":"index","follow":"follow","max-snippet":"max-snippet:-1","max-image-preview":"max-image-preview:large","max-video-preview":"max-video-preview:-1"},"canonical":"https:\/\/www.cruzstore.com\/fi\/products\/kallotarra\/","og_locale":"fi_FI","og_type":"article","og_title":"Kallotarra - Official Santa Cruz Webstore","og_description":"B\u00e4ndin tunnusmerkkin\u00e4 usein n\u00e4hty p\u00e4\u00e4kallo tarran muodossa.","og_url":"https:\/\/www.cruzstore.com\/fi\/products\/kallotarra\/","og_site_name":"Official Santa Cruz Webstore","article_publisher":"https:\/\/www.facebook.com\/santacruzband","article_modified_time":"2025-11-12T05:45:46+00:00","og_image":[{"width":600,"height":600,"url":"https:\/\/www.cruzstore.com\/wp-content\/uploads\/2015\/10\/kallotarra.jpg","type":"image\/jpeg"}],"twitter_card":"summary_large_image","twitter_misc":{"Arvioitu lukuaika":"1 minuutti"},"schema":{"@context":"https:\/\/schema.org","@graph":[{"@type":"WebPage","@id":"https:\/\/www.cruzstore.com\/fi\/products\/kallotarra\/","url":"https:\/\/www.cruzstore.com\/fi\/products\/kallotarra\/","name":"Kallotarra - Official Santa Cruz Webstore","isPartOf":{"@id":"https:\/\/www.cruzstore.com\/#website"},"primaryImageOfPage":{"@id":"https:\/\/www.cruzstore.com\/fi\/products\/kallotarra\/#primaryimage"},"image":{"@id":"https:\/\/www.cruzstore.com\/fi\/products\/kallotarra\/#primaryimage"},"thumbnailUrl":"https:\/\/www.cruzstore.com\/wp-content\/uploads\/2015\/10\/kallotarra.jpg","datePublished":"2015-10-03T05:11:31+00:00","dateModified":"2025-11-12T05:45:46+00:00","breadcrumb":{"@id":"https:\/\/www.cruzstore.com\/fi\/products\/kallotarra\/#breadcrumb"},"inLanguage":"fi","potentialAction":[{"@type":"ReadAction","target":["https:\/\/www.cruzstore.com\/fi\/products\/kallotarra\/"]}]},{"@type":"ImageObject","inLanguage":"fi","@id":"https:\/\/www.cruzstore.com\/fi\/products\/kallotarra\/#primaryimage","url":"https:\/\/www.cruzstore.com\/wp-content\/uploads\/2015\/10\/kallotarra.jpg","contentUrl":"https:\/\/www.cruzstore.com\/wp-content\/uploads\/2015\/10\/kallotarra.jpg","width":600,"height":600},{"@type":"BreadcrumbList","@id":"https:\/\/www.cruzstore.com\/fi\/products\/kallotarra\/#breadcrumb","itemListElement":[{"@type":"ListItem","position":1,"name":"Home","item":"https:\/\/www.cruzstore.com\/fi\/"},{"@type":"ListItem","position":2,"name":"Tuotteet","item":"https:\/\/www.cruzstore.com\/fi\/tuotteet\/"},{"@type":"ListItem","position":3,"name":"Oheistuotteet","item":"https:\/\/www.cruzstore.com\/fi\/tuote-osasto\/oheistuotteet\/"},{"@type":"ListItem","position":4,"name":"Kallotarra"}]},{"@type":"WebSite","@id":"https:\/\/www.cruzstore.com\/#website","url":"https:\/\/www.cruzstore.com\/","name":"Official Santa Cruz Webstore","description":"","publisher":{"@id":"https:\/\/www.cruzstore.com\/#organization"},"potentialAction":[{"@type":"SearchAction","target":{"@type":"EntryPoint","urlTemplate":"https:\/\/www.cruzstore.com\/?s={search_term_string}"},"query-input":{"@type":"PropertyValueSpecification","valueRequired":true,"valueName":"search_term_string"}}],"inLanguage":"fi"},{"@type":"Organization","@id":"https:\/\/www.cruzstore.com\/#organization","name":"Official Santa Cruz Webstore","url":"https:\/\/www.cruzstore.com\/","logo":{"@type":"ImageObject","inLanguage":"fi","@id":"https:\/\/www.cruzstore.com\/#\/schema\/logo\/image\/","url":"https:\/\/www.cruzstore.com\/wp-content\/uploads\/2022\/02\/sc_logo.png","contentUrl":"https:\/\/www.cruzstore.com\/wp-content\/uploads\/2022\/02\/sc_logo.png","width":400,"height":298,"caption":"Official Santa Cruz Webstore"},"image":{"@id":"https:\/\/www.cruzstore.com\/#\/schema\/logo\/image\/"},"sameAs":["https:\/\/www.facebook.com\/santacruzband"]}]}},"_links":{"self":[{"href":"https:\/\/www.cruzstore.com\/fi\/wp-json\/wp\/v2\/product\/449","targetHints":{"allow":["GET"]}}],"collection":[{"href":"https:\/\/www.cruzstore.com\/fi\/wp-json\/wp\/v2\/product"}],"about":[{"href":"https:\/\/www.cruzstore.com\/fi\/wp-json\/wp\/v2\/types\/product"}],"replies":[{"embeddable":true,"href":"https:\/\/www.cruzstore.com\/fi\/wp-json\/wp\/v2\/comments?post=449"}],"wp:featuredmedia":[{"embeddable":true,"href":"https:\/\/www.cruzstore.com\/fi\/wp-json\/wp\/v2\/media\/440"}],"wp:attachment":[{"href":"https:\/\/www.cruzstore.com\/fi\/wp-json\/wp\/v2\/media?parent=449"}],"wp:term":[{"taxonomy":"product_brand","embeddable":true,"href":"https:\/\/www.cruzstore.com\/fi\/wp-json\/wp\/v2\/product_brand?post=449"},{"taxonomy":"product_cat","embeddable":true,"href":"https:\/\/www.cruzstore.com\/fi\/wp-json\/wp\/v2\/product_cat?post=449"},{"taxonomy":"product_tag","embeddable":true,"href":"https:\/\/www.cruzstore.com\/fi\/wp-json\/wp\/v2\/product_tag?post=449"}],"curies":[{"name":"wp","href":"https:\/\/api.w.org\/{rel}","templated":true}]}}