{"id":5099,"date":"2022-09-26T16:46:04","date_gmt":"2022-09-26T13:46:04","guid":{"rendered":"https:\/\/www.cruzstore.com\/products\/screaming-for-adrenaline-girlie\/"},"modified":"2023-03-01T23:04:31","modified_gmt":"2023-03-01T21:04:31","slug":"screaming-for-adrenaline-girlie","status":"publish","type":"product","link":"https:\/\/www.cruzstore.com\/fi\/products\/screaming-for-adrenaline-girlie\/","title":{"rendered":"Screaming For Adrenaline Girlie"},"content":{"rendered":"<p>Screaming For Adrenaline tytt\u00f6jen malli<\/p>\n","protected":false},"excerpt":{"rendered":"<p>Screaming For Adrenaline tytt\u00f6jen malli. T-paita Eritt\u00e4in pieni koko S-M. Vy\u00f6t\u00e4r\u00f6 70 cm, korkeus 57 cm.<\/p>\n","protected":false},"featured_media":5095,"comment_status":"closed","ping_status":"closed","template":"","meta":{"_monsterinsights_skip_tracking":false,"_monsterinsights_sitenote_active":false,"_monsterinsights_sitenote_note":"","_monsterinsights_sitenote_category":0},"product_brand":[],"product_cat":[151],"product_tag":[179],"class_list":{"0":"post-5099","1":"product","2":"type-product","3":"status-publish","4":"has-post-thumbnail","6":"product_cat-vintage-fi","7":"product_tag-screaming-for-adrenaline-girlie","8":"product_shipping_class-alle-250g-fi","10":"first","11":"outofstock","12":"sale","13":"taxable","14":"shipping-taxable","15":"purchasable","16":"product-type-simple"},"bundle_layout":"","bundle_add_to_cart_form_location":"","bundle_editable_in_cart":false,"bundle_sold_individually_context":"","bundle_item_grouping":"","bundle_min_size":"","bundle_max_size":"","bundled_by":[],"bundled_items":[],"yoast_head":"<!-- This site is optimized with the Yoast SEO plugin v26.4 - https:\/\/yoast.com\/wordpress\/plugins\/seo\/ -->\n<title>Screaming For Adrenaline Girlie - Official Santa Cruz Webstore<\/title>\n<meta name=\"robots\" content=\"index, follow, max-snippet:-1, max-image-preview:large, max-video-preview:-1\" \/>\n<link rel=\"canonical\" href=\"https:\/\/www.cruzstore.com\/fi\/products\/screaming-for-adrenaline-girlie\/\" \/>\n<meta property=\"og:locale\" content=\"fi_FI\" \/>\n<meta property=\"og:type\" content=\"article\" \/>\n<meta property=\"og:title\" content=\"Screaming For Adrenaline Girlie - Official Santa Cruz Webstore\" \/>\n<meta property=\"og:description\" content=\"Screaming For Adrenaline tytt\u00f6jen malli. T-paita Eritt\u00e4in pieni koko S-M. Vy\u00f6t\u00e4r\u00f6 70 cm, korkeus 57 cm.\" \/>\n<meta property=\"og:url\" content=\"https:\/\/www.cruzstore.com\/fi\/products\/screaming-for-adrenaline-girlie\/\" \/>\n<meta property=\"og:site_name\" content=\"Official Santa Cruz Webstore\" \/>\n<meta property=\"article:publisher\" content=\"https:\/\/www.facebook.com\/santacruzband\" \/>\n<meta property=\"article:modified_time\" content=\"2023-03-01T21:04:31+00:00\" \/>\n<meta property=\"og:image\" content=\"https:\/\/www.cruzstore.com\/wp-content\/uploads\/2022\/09\/IMG_2635.jpg\" \/>\n\t<meta property=\"og:image:width\" content=\"497\" \/>\n\t<meta property=\"og:image:height\" content=\"640\" \/>\n\t<meta property=\"og:image:type\" content=\"image\/jpeg\" \/>\n<meta name=\"twitter:card\" content=\"summary_large_image\" \/>\n<script type=\"application\/ld+json\" class=\"yoast-schema-graph\">{\"@context\":\"https:\/\/schema.org\",\"@graph\":[{\"@type\":\"WebPage\",\"@id\":\"https:\/\/www.cruzstore.com\/fi\/products\/screaming-for-adrenaline-girlie\/\",\"url\":\"https:\/\/www.cruzstore.com\/fi\/products\/screaming-for-adrenaline-girlie\/\",\"name\":\"Screaming For Adrenaline Girlie - Official Santa Cruz Webstore\",\"isPartOf\":{\"@id\":\"https:\/\/www.cruzstore.com\/#website\"},\"primaryImageOfPage\":{\"@id\":\"https:\/\/www.cruzstore.com\/fi\/products\/screaming-for-adrenaline-girlie\/#primaryimage\"},\"image\":{\"@id\":\"https:\/\/www.cruzstore.com\/fi\/products\/screaming-for-adrenaline-girlie\/#primaryimage\"},\"thumbnailUrl\":\"https:\/\/www.cruzstore.com\/wp-content\/uploads\/2022\/09\/IMG_2635.jpg\",\"datePublished\":\"2022-09-26T13:46:04+00:00\",\"dateModified\":\"2023-03-01T21:04:31+00:00\",\"breadcrumb\":{\"@id\":\"https:\/\/www.cruzstore.com\/fi\/products\/screaming-for-adrenaline-girlie\/#breadcrumb\"},\"inLanguage\":\"fi\",\"potentialAction\":[{\"@type\":\"ReadAction\",\"target\":[\"https:\/\/www.cruzstore.com\/fi\/products\/screaming-for-adrenaline-girlie\/\"]}]},{\"@type\":\"ImageObject\",\"inLanguage\":\"fi\",\"@id\":\"https:\/\/www.cruzstore.com\/fi\/products\/screaming-for-adrenaline-girlie\/#primaryimage\",\"url\":\"https:\/\/www.cruzstore.com\/wp-content\/uploads\/2022\/09\/IMG_2635.jpg\",\"contentUrl\":\"https:\/\/www.cruzstore.com\/wp-content\/uploads\/2022\/09\/IMG_2635.jpg\",\"width\":497,\"height\":640},{\"@type\":\"BreadcrumbList\",\"@id\":\"https:\/\/www.cruzstore.com\/fi\/products\/screaming-for-adrenaline-girlie\/#breadcrumb\",\"itemListElement\":[{\"@type\":\"ListItem\",\"position\":1,\"name\":\"Home\",\"item\":\"https:\/\/www.cruzstore.com\/fi\/\"},{\"@type\":\"ListItem\",\"position\":2,\"name\":\"Tuotteet\",\"item\":\"https:\/\/www.cruzstore.com\/fi\/tuotteet\/\"},{\"@type\":\"ListItem\",\"position\":3,\"name\":\"Vintage\",\"item\":\"https:\/\/www.cruzstore.com\/fi\/tuote-osasto\/vintage-fi\/\"},{\"@type\":\"ListItem\",\"position\":4,\"name\":\"Screaming For Adrenaline Girlie\"}]},{\"@type\":\"WebSite\",\"@id\":\"https:\/\/www.cruzstore.com\/#website\",\"url\":\"https:\/\/www.cruzstore.com\/\",\"name\":\"Official Santa Cruz Webstore\",\"description\":\"\",\"publisher\":{\"@id\":\"https:\/\/www.cruzstore.com\/#organization\"},\"potentialAction\":[{\"@type\":\"SearchAction\",\"target\":{\"@type\":\"EntryPoint\",\"urlTemplate\":\"https:\/\/www.cruzstore.com\/?s={search_term_string}\"},\"query-input\":{\"@type\":\"PropertyValueSpecification\",\"valueRequired\":true,\"valueName\":\"search_term_string\"}}],\"inLanguage\":\"fi\"},{\"@type\":\"Organization\",\"@id\":\"https:\/\/www.cruzstore.com\/#organization\",\"name\":\"Official Santa Cruz Webstore\",\"url\":\"https:\/\/www.cruzstore.com\/\",\"logo\":{\"@type\":\"ImageObject\",\"inLanguage\":\"fi\",\"@id\":\"https:\/\/www.cruzstore.com\/#\/schema\/logo\/image\/\",\"url\":\"https:\/\/www.cruzstore.com\/wp-content\/uploads\/2022\/02\/sc_logo.png\",\"contentUrl\":\"https:\/\/www.cruzstore.com\/wp-content\/uploads\/2022\/02\/sc_logo.png\",\"width\":400,\"height\":298,\"caption\":\"Official Santa Cruz Webstore\"},\"image\":{\"@id\":\"https:\/\/www.cruzstore.com\/#\/schema\/logo\/image\/\"},\"sameAs\":[\"https:\/\/www.facebook.com\/santacruzband\"]}]}<\/script>\n<!-- \/ Yoast SEO plugin. -->","yoast_head_json":{"title":"Screaming For Adrenaline Girlie - Official Santa Cruz Webstore","robots":{"index":"index","follow":"follow","max-snippet":"max-snippet:-1","max-image-preview":"max-image-preview:large","max-video-preview":"max-video-preview:-1"},"canonical":"https:\/\/www.cruzstore.com\/fi\/products\/screaming-for-adrenaline-girlie\/","og_locale":"fi_FI","og_type":"article","og_title":"Screaming For Adrenaline Girlie - Official Santa Cruz Webstore","og_description":"Screaming For Adrenaline tytt\u00f6jen malli. T-paita Eritt\u00e4in pieni koko S-M. Vy\u00f6t\u00e4r\u00f6 70 cm, korkeus 57 cm.","og_url":"https:\/\/www.cruzstore.com\/fi\/products\/screaming-for-adrenaline-girlie\/","og_site_name":"Official Santa Cruz Webstore","article_publisher":"https:\/\/www.facebook.com\/santacruzband","article_modified_time":"2023-03-01T21:04:31+00:00","og_image":[{"width":497,"height":640,"url":"https:\/\/www.cruzstore.com\/wp-content\/uploads\/2022\/09\/IMG_2635.jpg","type":"image\/jpeg"}],"twitter_card":"summary_large_image","schema":{"@context":"https:\/\/schema.org","@graph":[{"@type":"WebPage","@id":"https:\/\/www.cruzstore.com\/fi\/products\/screaming-for-adrenaline-girlie\/","url":"https:\/\/www.cruzstore.com\/fi\/products\/screaming-for-adrenaline-girlie\/","name":"Screaming For Adrenaline Girlie - Official Santa Cruz Webstore","isPartOf":{"@id":"https:\/\/www.cruzstore.com\/#website"},"primaryImageOfPage":{"@id":"https:\/\/www.cruzstore.com\/fi\/products\/screaming-for-adrenaline-girlie\/#primaryimage"},"image":{"@id":"https:\/\/www.cruzstore.com\/fi\/products\/screaming-for-adrenaline-girlie\/#primaryimage"},"thumbnailUrl":"https:\/\/www.cruzstore.com\/wp-content\/uploads\/2022\/09\/IMG_2635.jpg","datePublished":"2022-09-26T13:46:04+00:00","dateModified":"2023-03-01T21:04:31+00:00","breadcrumb":{"@id":"https:\/\/www.cruzstore.com\/fi\/products\/screaming-for-adrenaline-girlie\/#breadcrumb"},"inLanguage":"fi","potentialAction":[{"@type":"ReadAction","target":["https:\/\/www.cruzstore.com\/fi\/products\/screaming-for-adrenaline-girlie\/"]}]},{"@type":"ImageObject","inLanguage":"fi","@id":"https:\/\/www.cruzstore.com\/fi\/products\/screaming-for-adrenaline-girlie\/#primaryimage","url":"https:\/\/www.cruzstore.com\/wp-content\/uploads\/2022\/09\/IMG_2635.jpg","contentUrl":"https:\/\/www.cruzstore.com\/wp-content\/uploads\/2022\/09\/IMG_2635.jpg","width":497,"height":640},{"@type":"BreadcrumbList","@id":"https:\/\/www.cruzstore.com\/fi\/products\/screaming-for-adrenaline-girlie\/#breadcrumb","itemListElement":[{"@type":"ListItem","position":1,"name":"Home","item":"https:\/\/www.cruzstore.com\/fi\/"},{"@type":"ListItem","position":2,"name":"Tuotteet","item":"https:\/\/www.cruzstore.com\/fi\/tuotteet\/"},{"@type":"ListItem","position":3,"name":"Vintage","item":"https:\/\/www.cruzstore.com\/fi\/tuote-osasto\/vintage-fi\/"},{"@type":"ListItem","position":4,"name":"Screaming For Adrenaline Girlie"}]},{"@type":"WebSite","@id":"https:\/\/www.cruzstore.com\/#website","url":"https:\/\/www.cruzstore.com\/","name":"Official Santa Cruz Webstore","description":"","publisher":{"@id":"https:\/\/www.cruzstore.com\/#organization"},"potentialAction":[{"@type":"SearchAction","target":{"@type":"EntryPoint","urlTemplate":"https:\/\/www.cruzstore.com\/?s={search_term_string}"},"query-input":{"@type":"PropertyValueSpecification","valueRequired":true,"valueName":"search_term_string"}}],"inLanguage":"fi"},{"@type":"Organization","@id":"https:\/\/www.cruzstore.com\/#organization","name":"Official Santa Cruz Webstore","url":"https:\/\/www.cruzstore.com\/","logo":{"@type":"ImageObject","inLanguage":"fi","@id":"https:\/\/www.cruzstore.com\/#\/schema\/logo\/image\/","url":"https:\/\/www.cruzstore.com\/wp-content\/uploads\/2022\/02\/sc_logo.png","contentUrl":"https:\/\/www.cruzstore.com\/wp-content\/uploads\/2022\/02\/sc_logo.png","width":400,"height":298,"caption":"Official Santa Cruz Webstore"},"image":{"@id":"https:\/\/www.cruzstore.com\/#\/schema\/logo\/image\/"},"sameAs":["https:\/\/www.facebook.com\/santacruzband"]}]}},"_links":{"self":[{"href":"https:\/\/www.cruzstore.com\/fi\/wp-json\/wp\/v2\/product\/5099","targetHints":{"allow":["GET"]}}],"collection":[{"href":"https:\/\/www.cruzstore.com\/fi\/wp-json\/wp\/v2\/product"}],"about":[{"href":"https:\/\/www.cruzstore.com\/fi\/wp-json\/wp\/v2\/types\/product"}],"replies":[{"embeddable":true,"href":"https:\/\/www.cruzstore.com\/fi\/wp-json\/wp\/v2\/comments?post=5099"}],"wp:featuredmedia":[{"embeddable":true,"href":"https:\/\/www.cruzstore.com\/fi\/wp-json\/wp\/v2\/media\/5095"}],"wp:attachment":[{"href":"https:\/\/www.cruzstore.com\/fi\/wp-json\/wp\/v2\/media?parent=5099"}],"wp:term":[{"taxonomy":"product_brand","embeddable":true,"href":"https:\/\/www.cruzstore.com\/fi\/wp-json\/wp\/v2\/product_brand?post=5099"},{"taxonomy":"product_cat","embeddable":true,"href":"https:\/\/www.cruzstore.com\/fi\/wp-json\/wp\/v2\/product_cat?post=5099"},{"taxonomy":"product_tag","embeddable":true,"href":"https:\/\/www.cruzstore.com\/fi\/wp-json\/wp\/v2\/product_tag?post=5099"}],"curies":[{"name":"wp","href":"https:\/\/api.w.org\/{rel}","templated":true}]}}